{"id":13839,"date":"2019-12-12T11:00:12","date_gmt":"2020-04-15T06:18:13","guid":{"rendered":"https:\/\/gifted-nightingale.82-223-11-116.plesk.page\/?post_type=product&#038;p=13839"},"modified":"2025-03-19T09:46:26","modified_gmt":"2025-03-19T08:46:26","slug":"fauteuil-malaga","status":"publish","type":"product","link":"https:\/\/reyma-mobiliario.com\/fr\/productos\/fauteuil-malaga\/","title":{"rendered":"Fauteuil M\u00e1laga"},"content":{"rendered":"<p>Fauteuil majestueux pour l&rsquo;ext\u00e9rieur avec structure en aluminium peint graphite. Assise et dossier avec cordon tress\u00e9.<\/p>\n","protected":false},"excerpt":{"rendered":"<p><strong> Poids: <\/strong> 4,70 kg<\/p>\n<p><strong> Mat\u00e9riaux <\/strong>:<br \/>\nStructure en aluminium peint graphite et bras en bois<\/p>\n<p>Assise et dossier en osier blanc<\/p>\n<p><strong> Dimensions <\/strong>:<\/p>\n<p><img loading=\"lazy\" decoding=\"async\" class=\"alignnone size-full wp-image-11924\" src=\"https:\/\/reyma-mobiliario.com\/wp-content\/uploads\/2025\/03\/2025-malaga-sillon.jpg\" alt=\"Dimensions fauteuil M\u00e1laga REYMA\" width=\"120\" height=\"120\" \/><\/p>\n","protected":false},"featured_media":13841,"template":"","meta":[],"product_brand":[],"product_cat":[1106,1112],"product_tag":[1144,1362,1168,1170,1279],"class_list":{"0":"post-13839","1":"product","2":"type-product","3":"status-publish","4":"has-post-thumbnail","6":"product_cat-exterieur","7":"product_cat-fauteuils-dexterieur","8":"product_tag-aluminium","9":"product_tag-fauteuil","10":"product_tag-mobilier-dexterieur","11":"product_tag-osier","12":"product_tag-serie-malaga-fr","14":"first","15":"instock","16":"shipping-taxable","17":"product-type-simple"},"aioseo_notices":[],"_links":{"self":[{"href":"https:\/\/reyma-mobiliario.com\/fr\/wp-json\/wp\/v2\/product\/13839","targetHints":{"allow":["GET"]}}],"collection":[{"href":"https:\/\/reyma-mobiliario.com\/fr\/wp-json\/wp\/v2\/product"}],"about":[{"href":"https:\/\/reyma-mobiliario.com\/fr\/wp-json\/wp\/v2\/types\/product"}],"wp:featuredmedia":[{"embeddable":true,"href":"https:\/\/reyma-mobiliario.com\/fr\/wp-json\/wp\/v2\/media\/13841"}],"wp:attachment":[{"href":"https:\/\/reyma-mobiliario.com\/fr\/wp-json\/wp\/v2\/media?parent=13839"}],"wp:term":[{"taxonomy":"product_brand","embeddable":true,"href":"https:\/\/reyma-mobiliario.com\/fr\/wp-json\/wp\/v2\/product_brand?post=13839"},{"taxonomy":"product_cat","embeddable":true,"href":"https:\/\/reyma-mobiliario.com\/fr\/wp-json\/wp\/v2\/product_cat?post=13839"},{"taxonomy":"product_tag","embeddable":true,"href":"https:\/\/reyma-mobiliario.com\/fr\/wp-json\/wp\/v2\/product_tag?post=13839"}],"curies":[{"name":"wp","href":"https:\/\/api.w.org\/{rel}","templated":true}]}}