{"id":13848,"date":"2017-01-09T10:00:15","date_gmt":"2020-04-15T06:20:17","guid":{"rendered":"https:\/\/gifted-nightingale.82-223-11-116.plesk.page\/?post_type=product&#038;p=13848"},"modified":"2023-11-13T13:25:18","modified_gmt":"2023-11-13T12:25:18","slug":"table-pliante-dinamarca-haute","status":"publish","type":"product","link":"https:\/\/reyma-mobiliario.com\/fr\/productos\/table-pliante-dinamarca-haute\/","title":{"rendered":"Table Dinamarca Haute 9066"},"content":{"rendered":"<p>Table haute avec une structure en aluminium con\u00e7ue pour une utilisation en ext\u00e9rieur. Sa conception r\u00e9sistante permet \u00e0 tout type de planche de l&rsquo;adapter aux caract\u00e9ristiques de l&rsquo;espace.<\/p>\n","protected":false},"excerpt":{"rendered":"<p><strong> Hauteur: <\/strong> 110 cm<\/p>\n<p><strong> Mat\u00e9riaux <\/strong>:<br \/>\nColonne: aluminium ou osier: anthracite, blanc ou marron<br \/>\nPossibilit\u00e9 d&rsquo;incorporer des contrepoids en fer pour augmenter la stabilit\u00e9.<\/p>\n<p>plateaux: werzalit ou Compact<\/p>\n<p><strong> Dimensions du plateaux <\/strong><br \/>\n60\u00d8, 70\u00d8 et 60&#215;60<\/p>\n","protected":false},"featured_media":13851,"template":"","meta":[],"product_brand":[],"product_cat":[1106,1110],"product_tag":[1144,1159,1168,1232,1166],"class_list":{"0":"post-13848","1":"product","2":"type-product","3":"status-publish","4":"has-post-thumbnail","6":"product_cat-exterieur","7":"product_cat-tables-dexterieur","8":"product_tag-aluminium","9":"product_tag-deux-plateaux","10":"product_tag-mobilier-dexterieur","11":"product_tag-serie-dinamarca-fr","12":"product_tag-tables-fr","14":"first","15":"instock","16":"shipping-taxable","17":"product-type-simple"},"aioseo_notices":[],"_links":{"self":[{"href":"https:\/\/reyma-mobiliario.com\/fr\/wp-json\/wp\/v2\/product\/13848","targetHints":{"allow":["GET"]}}],"collection":[{"href":"https:\/\/reyma-mobiliario.com\/fr\/wp-json\/wp\/v2\/product"}],"about":[{"href":"https:\/\/reyma-mobiliario.com\/fr\/wp-json\/wp\/v2\/types\/product"}],"wp:featuredmedia":[{"embeddable":true,"href":"https:\/\/reyma-mobiliario.com\/fr\/wp-json\/wp\/v2\/media\/13851"}],"wp:attachment":[{"href":"https:\/\/reyma-mobiliario.com\/fr\/wp-json\/wp\/v2\/media?parent=13848"}],"wp:term":[{"taxonomy":"product_brand","embeddable":true,"href":"https:\/\/reyma-mobiliario.com\/fr\/wp-json\/wp\/v2\/product_brand?post=13848"},{"taxonomy":"product_cat","embeddable":true,"href":"https:\/\/reyma-mobiliario.com\/fr\/wp-json\/wp\/v2\/product_cat?post=13848"},{"taxonomy":"product_tag","embeddable":true,"href":"https:\/\/reyma-mobiliario.com\/fr\/wp-json\/wp\/v2\/product_tag?post=13848"}],"curies":[{"name":"wp","href":"https:\/\/api.w.org\/{rel}","templated":true}]}}