{"id":13873,"date":"2017-01-08T10:00:39","date_gmt":"2020-04-15T06:29:01","guid":{"rendered":"https:\/\/gifted-nightingale.82-223-11-116.plesk.page\/?post_type=product&#038;p=13873"},"modified":"2023-11-13T13:25:47","modified_gmt":"2023-11-13T12:25:47","slug":"table-suecia","status":"publish","type":"product","link":"https:\/\/reyma-mobiliario.com\/fr\/productos\/table-suecia\/","title":{"rendered":"Table Suecia Rectangulaire 9311"},"content":{"rendered":"<p>Table con\u00e7ue pour une utilisation ext\u00e9rieure. Sa r\u00e9sistance permet l&rsquo;insertion d&rsquo;un syst\u00e8me de pliage pour favoriser l&#8217;empilement et ainsi r\u00e9duire l&rsquo;espace de stockage. Convient \u00e0 diff\u00e9rents types de planches et de tailles, ce qui lui conf\u00e8re une grande polyvalence.<\/p>\n","protected":false},"excerpt":{"rendered":"<p><strong> Hauteur: <\/strong> 75 cm<\/p>\n<p><strong> Mat\u00e9riaux <\/strong>:<br \/>\nColonne: aluminium ou osier: anthracite, blanc ou marron<br \/>\nPossibilit\u00e9 d&rsquo;incorporer des contrepoids en fer pour augmenter la stabilit\u00e9.<\/p>\n<p>plateaux: werzalit ou Compact<\/p>\n<p><strong> Dimensions du plateaux <\/strong><br \/>\n110&#215;70 et 120&#215;80<\/p>\n","protected":false},"featured_media":22830,"template":"","meta":[],"product_brand":[],"product_cat":[1110],"product_tag":[1144,1168,1138,1323,1166],"class_list":{"0":"post-13873","1":"product","2":"type-product","3":"status-publish","4":"has-post-thumbnail","6":"product_cat-tables-dexterieur","7":"product_tag-aluminium","8":"product_tag-mobilier-dexterieur","9":"product_tag-pliable","10":"product_tag-serie-suecia-fr","11":"product_tag-tables-fr","13":"first","14":"instock","15":"shipping-taxable","16":"product-type-simple"},"aioseo_notices":[],"_links":{"self":[{"href":"https:\/\/reyma-mobiliario.com\/fr\/wp-json\/wp\/v2\/product\/13873","targetHints":{"allow":["GET"]}}],"collection":[{"href":"https:\/\/reyma-mobiliario.com\/fr\/wp-json\/wp\/v2\/product"}],"about":[{"href":"https:\/\/reyma-mobiliario.com\/fr\/wp-json\/wp\/v2\/types\/product"}],"wp:featuredmedia":[{"embeddable":true,"href":"https:\/\/reyma-mobiliario.com\/fr\/wp-json\/wp\/v2\/media\/22830"}],"wp:attachment":[{"href":"https:\/\/reyma-mobiliario.com\/fr\/wp-json\/wp\/v2\/media?parent=13873"}],"wp:term":[{"taxonomy":"product_brand","embeddable":true,"href":"https:\/\/reyma-mobiliario.com\/fr\/wp-json\/wp\/v2\/product_brand?post=13873"},{"taxonomy":"product_cat","embeddable":true,"href":"https:\/\/reyma-mobiliario.com\/fr\/wp-json\/wp\/v2\/product_cat?post=13873"},{"taxonomy":"product_tag","embeddable":true,"href":"https:\/\/reyma-mobiliario.com\/fr\/wp-json\/wp\/v2\/product_tag?post=13873"}],"curies":[{"name":"wp","href":"https:\/\/api.w.org\/{rel}","templated":true}]}}