{"id":13886,"date":"2017-01-11T10:00:18","date_gmt":"2020-04-15T06:31:18","guid":{"rendered":"https:\/\/gifted-nightingale.82-223-11-116.plesk.page\/?post_type=product&#038;p=13886"},"modified":"2023-11-13T13:25:05","modified_gmt":"2023-11-13T12:25:05","slug":"table-roma-haute","status":"publish","type":"product","link":"https:\/\/reyma-mobiliario.com\/fr\/productos\/table-roma-haute\/","title":{"rendered":"Table Roma Haute 9155"},"content":{"rendered":"<p>Table haute avec base en aluminium et plante int\u00e9rieure en acier, tr\u00e8s r\u00e9sistante. Con\u00e7u pour une utilisation int\u00e9rieure et ext\u00e9rieure, il permet tout type de planche et prend en charge plusieurs mesures diff\u00e9rentes.<\/p>\n","protected":false},"excerpt":{"rendered":"<p><strong> Hauteur: <\/strong> 110 cm<\/p>\n<p><strong> Mat\u00e9riaux <\/strong>:<br \/>\nBase ronde \u00d8 42cm ou carr\u00e9 42&#215;42<br \/>\nColonne: aluminium ou osier: anthracite, blanc ou marron<\/p>\n<p>Cartes: acier inoxydable puls\u00e9 (seulement 60\u00d8), werzalit ou Compact<\/p>\n<p><strong> Dimensions du tableau <\/strong><br \/>\n60\u00d8, 70\u00d8, 60&#215;60 et 70&#215;70<\/p>\n","protected":false},"featured_media":13888,"template":"","meta":[],"product_brand":[],"product_cat":[1106,1110],"product_tag":[1144,1149,1151,1168,1313,1166],"class_list":{"0":"post-13886","1":"product","2":"type-product","3":"status-publish","4":"has-post-thumbnail","6":"product_cat-exterieur","7":"product_cat-tables-dexterieur","8":"product_tag-aluminium","9":"product_tag-base-carree","10":"product_tag-base-ronde","11":"product_tag-mobilier-dexterieur","12":"product_tag-serie-roma-fr","13":"product_tag-tables-fr","15":"first","16":"instock","17":"shipping-taxable","18":"product-type-variable"},"aioseo_notices":[],"_links":{"self":[{"href":"https:\/\/reyma-mobiliario.com\/fr\/wp-json\/wp\/v2\/product\/13886","targetHints":{"allow":["GET"]}}],"collection":[{"href":"https:\/\/reyma-mobiliario.com\/fr\/wp-json\/wp\/v2\/product"}],"about":[{"href":"https:\/\/reyma-mobiliario.com\/fr\/wp-json\/wp\/v2\/types\/product"}],"wp:featuredmedia":[{"embeddable":true,"href":"https:\/\/reyma-mobiliario.com\/fr\/wp-json\/wp\/v2\/media\/13888"}],"wp:attachment":[{"href":"https:\/\/reyma-mobiliario.com\/fr\/wp-json\/wp\/v2\/media?parent=13886"}],"wp:term":[{"taxonomy":"product_brand","embeddable":true,"href":"https:\/\/reyma-mobiliario.com\/fr\/wp-json\/wp\/v2\/product_brand?post=13886"},{"taxonomy":"product_cat","embeddable":true,"href":"https:\/\/reyma-mobiliario.com\/fr\/wp-json\/wp\/v2\/product_cat?post=13886"},{"taxonomy":"product_tag","embeddable":true,"href":"https:\/\/reyma-mobiliario.com\/fr\/wp-json\/wp\/v2\/product_tag?post=13886"}],"curies":[{"name":"wp","href":"https:\/\/api.w.org\/{rel}","templated":true}]}}