{"id":13918,"date":"2020-08-12T10:00:15","date_gmt":"2020-04-15T07:58:58","guid":{"rendered":"https:\/\/gifted-nightingale.82-223-11-116.plesk.page\/?post_type=product&#038;p=13918"},"modified":"2021-09-10T11:26:41","modified_gmt":"2021-09-10T09:26:41","slug":"fauteuil-versalles","status":"publish","type":"product","link":"https:\/\/reyma-mobiliario.com\/fr\/productos\/fauteuil-versalles\/","title":{"rendered":"Fauteuil Versalles"},"content":{"rendered":"<p>Fauteuil d&rsquo;ext\u00e9rieur disponible en diff\u00e9rentes couleurs ce qui lui conf\u00e8re une polyvalence. Fabriqu\u00e9 en aluminium solide et formes arrondies. L&rsquo;assise et le dossier en lattes d&rsquo;aluminium peuvent \u00eatre compl\u00e9t\u00e9s par des coussins.<\/p>\n","protected":false},"excerpt":{"rendered":"<p><strong> Poids: <\/strong> 3,95 kg<\/p>\n<p><strong> Mat\u00e9riaux <\/strong>:<br \/>\nStructure et lattes en aluminium peint: graphite, noir, gris, taupe, bleu clair ou blanc.<\/p>\n<p><strong> Dimensions <\/strong>:<\/p>\n<p><img loading=\"lazy\" decoding=\"async\" class=\"alignnone size-full wp-image-11924\" src=\"https:\/\/reyma-mobiliario.com\/wp-content\/uploads\/2017\/10\/versalles-sillon.jpg\" alt=\"Dimensions fauteuil Versalles REYMA\" width=\"120\" height=\"120\" \/><\/p>\n","protected":false},"featured_media":13796,"template":"","meta":[],"product_brand":[],"product_cat":[1106,1112],"product_tag":[1144,1362,1164,1168,1172,1342],"class_list":{"0":"post-13918","1":"product","2":"type-product","3":"status-publish","4":"has-post-thumbnail","6":"product_cat-exterieur","7":"product_cat-fauteuils-dexterieur","8":"product_tag-aluminium","9":"product_tag-fauteuil","10":"product_tag-lamas-fr","11":"product_tag-mobilier-dexterieur","12":"product_tag-nouvelles-2017","13":"product_tag-serie-versalles-fr","15":"first","16":"instock","17":"shipping-taxable","18":"purchasable","19":"product-type-variable"},"aioseo_notices":[],"_links":{"self":[{"href":"https:\/\/reyma-mobiliario.com\/fr\/wp-json\/wp\/v2\/product\/13918","targetHints":{"allow":["GET"]}}],"collection":[{"href":"https:\/\/reyma-mobiliario.com\/fr\/wp-json\/wp\/v2\/product"}],"about":[{"href":"https:\/\/reyma-mobiliario.com\/fr\/wp-json\/wp\/v2\/types\/product"}],"wp:featuredmedia":[{"embeddable":true,"href":"https:\/\/reyma-mobiliario.com\/fr\/wp-json\/wp\/v2\/media\/13796"}],"wp:attachment":[{"href":"https:\/\/reyma-mobiliario.com\/fr\/wp-json\/wp\/v2\/media?parent=13918"}],"wp:term":[{"taxonomy":"product_brand","embeddable":true,"href":"https:\/\/reyma-mobiliario.com\/fr\/wp-json\/wp\/v2\/product_brand?post=13918"},{"taxonomy":"product_cat","embeddable":true,"href":"https:\/\/reyma-mobiliario.com\/fr\/wp-json\/wp\/v2\/product_cat?post=13918"},{"taxonomy":"product_tag","embeddable":true,"href":"https:\/\/reyma-mobiliario.com\/fr\/wp-json\/wp\/v2\/product_tag?post=13918"}],"curies":[{"name":"wp","href":"https:\/\/api.w.org\/{rel}","templated":true}]}}