{"id":13930,"date":"2020-09-12T12:00:36","date_gmt":"2020-04-15T08:02:40","guid":{"rendered":"https:\/\/gifted-nightingale.82-223-11-116.plesk.page\/?post_type=product&#038;p=13930"},"modified":"2023-11-13T12:31:56","modified_gmt":"2023-11-13T11:31:56","slug":"table-roma","status":"publish","type":"product","link":"https:\/\/reyma-mobiliario.com\/fr\/productos\/table-roma\/","title":{"rendered":"Table Roma 9555"},"content":{"rendered":"<p>Table polyvalente adapt\u00e9e \u00e0 l&rsquo;ext\u00e9rieur et \u00e0 l&rsquo;int\u00e9rieur. Fabriqu\u00e9 en aluminium r\u00e9sistant, il supporte tout type de planche et diverses mesures. Sa conception lui permet d&rsquo;\u00eatre configur\u00e9 avec une colonne en aluminium ou une colonne avec des courroies de diff\u00e9rentes couleurs.<\/p>\n","protected":false},"excerpt":{"rendered":"<p><strong> Hauteur: <\/strong> 75 cm<\/p>\n<p><strong> Mat\u00e9riaux <\/strong>:<br \/>\nColonne: aluminium ou osier: anthracite, blanc ou marron<\/p>\n<p>plateaux: acier inoxydable puls\u00e9 (seulement 60\u00d8), werzalit ou Compact<\/p>\n<p><strong> Dimensions du plateaux <\/strong><br \/>\n60&#215;60 et 70&#215;70<\/p>\n","protected":false},"featured_media":13931,"template":"","meta":[],"product_brand":[],"product_cat":[1106,1110],"product_tag":[1144,1149,1151,1168,1313,1166],"class_list":{"0":"post-13930","1":"product","2":"type-product","3":"status-publish","4":"has-post-thumbnail","6":"product_cat-exterieur","7":"product_cat-tables-dexterieur","8":"product_tag-aluminium","9":"product_tag-base-carree","10":"product_tag-base-ronde","11":"product_tag-mobilier-dexterieur","12":"product_tag-serie-roma-fr","13":"product_tag-tables-fr","15":"first","16":"instock","17":"shipping-taxable","18":"product-type-variable"},"aioseo_notices":[],"_links":{"self":[{"href":"https:\/\/reyma-mobiliario.com\/fr\/wp-json\/wp\/v2\/product\/13930","targetHints":{"allow":["GET"]}}],"collection":[{"href":"https:\/\/reyma-mobiliario.com\/fr\/wp-json\/wp\/v2\/product"}],"about":[{"href":"https:\/\/reyma-mobiliario.com\/fr\/wp-json\/wp\/v2\/types\/product"}],"wp:featuredmedia":[{"embeddable":true,"href":"https:\/\/reyma-mobiliario.com\/fr\/wp-json\/wp\/v2\/media\/13931"}],"wp:attachment":[{"href":"https:\/\/reyma-mobiliario.com\/fr\/wp-json\/wp\/v2\/media?parent=13930"}],"wp:term":[{"taxonomy":"product_brand","embeddable":true,"href":"https:\/\/reyma-mobiliario.com\/fr\/wp-json\/wp\/v2\/product_brand?post=13930"},{"taxonomy":"product_cat","embeddable":true,"href":"https:\/\/reyma-mobiliario.com\/fr\/wp-json\/wp\/v2\/product_cat?post=13930"},{"taxonomy":"product_tag","embeddable":true,"href":"https:\/\/reyma-mobiliario.com\/fr\/wp-json\/wp\/v2\/product_tag?post=13930"}],"curies":[{"name":"wp","href":"https:\/\/api.w.org\/{rel}","templated":true}]}}