{"id":13950,"date":"2017-02-12T10:00:43","date_gmt":"2020-04-15T08:30:36","guid":{"rendered":"https:\/\/gifted-nightingale.82-223-11-116.plesk.page\/?post_type=product&#038;p=13950"},"modified":"2023-11-20T17:37:53","modified_gmt":"2023-11-20T16:37:53","slug":"chaise-de-bar-mediterraneo","status":"publish","type":"product","link":"https:\/\/reyma-mobiliario.com\/fr\/productos\/chaise-de-bar-mediterraneo\/","title":{"rendered":"Chaise de bar Mediterr\u00e1neo"},"content":{"rendered":"<p>Chaise de bar avec une structure en aluminium tr\u00e8s r\u00e9sistant, con\u00e7u pour une utilisation en ext\u00e9rieur. Sa conception lui permet d&rsquo;\u00eatre configur\u00e9 avec un si\u00e8ge \u00e0 lattes en aluminium il s&rsquo;adapte parfaitement \u00e0 tout environnement ext\u00e9rieur.<\/p>\n","protected":false},"excerpt":{"rendered":"<p><strong> Poids: <\/strong><br \/>\nAvec lattes: 3,35 kg<\/p>\n<p><strong> Mat\u00e9riaux <\/strong>:<br \/>\nStructure en aluminium.<br \/>\nAssise et dossier en lattes d&rsquo;aluminium.<\/p>\n<p><strong> Dimensions <\/strong>:<\/p>\n<p><img loading=\"lazy\" decoding=\"async\" class=\"alignnone size-full wp-image-11924\" src=\"https:\/\/reyma-mobiliario.com\/wp-content\/uploads\/2017\/10\/mediterraneo-lamas-banqueta.jpg\" alt=\"Dimensions tabouret mediterr\u00e1neo Lamas REYMA\" width=\"120\" height=\"120\" \/><img loading=\"lazy\" decoding=\"async\" class=\"alignnone size-full wp-image-11924\" src=\"https:\/\/reyma-mobiliario.com\/wp-content\/uploads\/2017\/10\/mediterraneo-medula-banqueta.jpg\" alt=\"Dimensions tabouret mediterr\u00e1neo m\u00e9dula REYMA\" width=\"120\" height=\"120\" \/><\/p>\n","protected":false},"featured_media":13951,"template":"","meta":[],"product_brand":[],"product_cat":[1106,1107],"product_tag":[1144,1164,1168,1267,1147],"class_list":{"0":"post-13950","1":"product","2":"type-product","3":"status-publish","4":"has-post-thumbnail","6":"product_cat-exterieur","7":"product_cat-tabouret-dexterieur","8":"product_tag-aluminium","9":"product_tag-lamas-fr","10":"product_tag-mobilier-dexterieur","11":"product_tag-serie-mediterraneo-fr","12":"product_tag-tabourets","14":"first","15":"instock","16":"shipping-taxable","17":"product-type-simple"},"aioseo_notices":[],"_links":{"self":[{"href":"https:\/\/reyma-mobiliario.com\/fr\/wp-json\/wp\/v2\/product\/13950","targetHints":{"allow":["GET"]}}],"collection":[{"href":"https:\/\/reyma-mobiliario.com\/fr\/wp-json\/wp\/v2\/product"}],"about":[{"href":"https:\/\/reyma-mobiliario.com\/fr\/wp-json\/wp\/v2\/types\/product"}],"wp:featuredmedia":[{"embeddable":true,"href":"https:\/\/reyma-mobiliario.com\/fr\/wp-json\/wp\/v2\/media\/13951"}],"wp:attachment":[{"href":"https:\/\/reyma-mobiliario.com\/fr\/wp-json\/wp\/v2\/media?parent=13950"}],"wp:term":[{"taxonomy":"product_brand","embeddable":true,"href":"https:\/\/reyma-mobiliario.com\/fr\/wp-json\/wp\/v2\/product_brand?post=13950"},{"taxonomy":"product_cat","embeddable":true,"href":"https:\/\/reyma-mobiliario.com\/fr\/wp-json\/wp\/v2\/product_cat?post=13950"},{"taxonomy":"product_tag","embeddable":true,"href":"https:\/\/reyma-mobiliario.com\/fr\/wp-json\/wp\/v2\/product_tag?post=13950"}],"curies":[{"name":"wp","href":"https:\/\/api.w.org\/{rel}","templated":true}]}}