{"id":13962,"date":"2017-03-05T10:00:33","date_gmt":"2020-04-15T08:48:45","guid":{"rendered":"https:\/\/gifted-nightingale.82-223-11-116.plesk.page\/?post_type=product&#038;p=13962"},"modified":"2023-03-01T18:18:00","modified_gmt":"2023-03-01T17:18:00","slug":"fauteuil-mediterraneo","status":"publish","type":"product","link":"https:\/\/reyma-mobiliario.com\/fr\/productos\/fauteuil-mediterraneo\/","title":{"rendered":"Fauteuil Mediterr\u00e1neo"},"content":{"rendered":"<p>Fauteuil \u00e0 structure en aluminium avec pieds \u00e0 double tube. La polyvalence de sa conception le rend parfait pour tout environnement ext\u00e9rieur. Il peut \u00eatre configur\u00e9 avec un si\u00e8ge et un dossier en aluminium ou en lattes de moelle.<\/p>\n","protected":false},"excerpt":{"rendered":"<p><strong> Poids: <\/strong><br \/>\nAvec lattes: 2,95 kg<br \/>\nAvec moelle: 3,95 kg<\/p>\n<p><strong> Mat\u00e9riaux <\/strong>:<br \/>\nStructure en aluminium.<br \/>\nSi\u00e8ge lattes en aluminium peint: vert, bleu.<\/p>\n<p><strong> Dimensions <\/strong>:<\/p>\n<p><img loading=\"lazy\" decoding=\"async\" class=\"alignnone size-full wp-image-11924\" src=\"https:\/\/reyma-mobiliario.com\/wp-content\/uploads\/2017\/10\/mediterraneo-lamas-sillon.jpg\" alt=\"Dimensions fauteuil mediterr\u00e1neo Lamas REYMA\" width=\"120\" height=\"120\" \/><\/p>\n","protected":false},"featured_media":13965,"template":"","meta":[],"product_brand":[],"product_cat":[1106,1112],"product_tag":[1144,1164,1168,1267],"class_list":{"0":"post-13962","1":"product","2":"type-product","3":"status-publish","4":"has-post-thumbnail","6":"product_cat-exterieur","7":"product_cat-fauteuils-dexterieur","8":"product_tag-aluminium","9":"product_tag-lamas-fr","10":"product_tag-mobilier-dexterieur","11":"product_tag-serie-mediterraneo-fr","13":"first","14":"instock","15":"shipping-taxable","16":"purchasable","17":"product-type-variable"},"aioseo_notices":[],"_links":{"self":[{"href":"https:\/\/reyma-mobiliario.com\/fr\/wp-json\/wp\/v2\/product\/13962","targetHints":{"allow":["GET"]}}],"collection":[{"href":"https:\/\/reyma-mobiliario.com\/fr\/wp-json\/wp\/v2\/product"}],"about":[{"href":"https:\/\/reyma-mobiliario.com\/fr\/wp-json\/wp\/v2\/types\/product"}],"wp:featuredmedia":[{"embeddable":true,"href":"https:\/\/reyma-mobiliario.com\/fr\/wp-json\/wp\/v2\/media\/13965"}],"wp:attachment":[{"href":"https:\/\/reyma-mobiliario.com\/fr\/wp-json\/wp\/v2\/media?parent=13962"}],"wp:term":[{"taxonomy":"product_brand","embeddable":true,"href":"https:\/\/reyma-mobiliario.com\/fr\/wp-json\/wp\/v2\/product_brand?post=13962"},{"taxonomy":"product_cat","embeddable":true,"href":"https:\/\/reyma-mobiliario.com\/fr\/wp-json\/wp\/v2\/product_cat?post=13962"},{"taxonomy":"product_tag","embeddable":true,"href":"https:\/\/reyma-mobiliario.com\/fr\/wp-json\/wp\/v2\/product_tag?post=13962"}],"curies":[{"name":"wp","href":"https:\/\/api.w.org\/{rel}","templated":true}]}}