{"id":14014,"date":"2018-12-11T10:00:00","date_gmt":"2020-04-16T12:03:25","guid":{"rendered":"https:\/\/gifted-nightingale.82-223-11-116.plesk.page\/?post_type=product&#038;p=14014"},"modified":"2023-03-01T17:19:48","modified_gmt":"2023-03-01T16:19:48","slug":"fauteuil-salzburgo","status":"publish","type":"product","link":"https:\/\/reyma-mobiliario.com\/fr\/productos\/fauteuil-salzburgo\/","title":{"rendered":"Fauteuil Salzburgo"},"content":{"rendered":"<p>Fauteuil avec structure en acier id\u00e9al pour une utilisation en ext\u00e9rieur. Son assise et son dossier sont tiss\u00e9s de moelle et la osier est ajout\u00e9e aux bras.<\/p>\n","protected":false},"excerpt":{"rendered":"<p><strong> Poids: <\/strong> 5,25 kg<\/p>\n<p><strong> Mat\u00e9riaux <\/strong>:<br \/>\nStructure en acier<br \/>\nAssise et dossier en osier blanche.<br \/>\nempilable<\/p>\n<p><strong> Dimensions <\/strong>:<\/p>\n<p><img loading=\"lazy\" decoding=\"async\" class=\"alignnone size-full wp-image-11924\" src=\"https:\/\/reyma-mobiliario.com\/wp-content\/uploads\/2017\/10\/salzburgo-sillon.jpg\" alt=\"Dimensions fauteuil Salzburgo REYMA\" width=\"120\" height=\"120\" \/><\/p>\n","protected":false},"featured_media":14016,"template":"","meta":[],"product_brand":[],"product_cat":[1106,1112],"product_tag":[1143,1362,1168,1170,1317],"class_list":{"0":"post-14014","1":"product","2":"type-product","3":"status-publish","4":"has-post-thumbnail","6":"product_cat-exterieur","7":"product_cat-fauteuils-dexterieur","8":"product_tag-acier-inoxidable","9":"product_tag-fauteuil","10":"product_tag-mobilier-dexterieur","11":"product_tag-osier","12":"product_tag-serie-salzburgo-fr","14":"first","15":"instock","16":"shipping-taxable","17":"product-type-simple"},"aioseo_notices":[],"_links":{"self":[{"href":"https:\/\/reyma-mobiliario.com\/fr\/wp-json\/wp\/v2\/product\/14014","targetHints":{"allow":["GET"]}}],"collection":[{"href":"https:\/\/reyma-mobiliario.com\/fr\/wp-json\/wp\/v2\/product"}],"about":[{"href":"https:\/\/reyma-mobiliario.com\/fr\/wp-json\/wp\/v2\/types\/product"}],"wp:featuredmedia":[{"embeddable":true,"href":"https:\/\/reyma-mobiliario.com\/fr\/wp-json\/wp\/v2\/media\/14016"}],"wp:attachment":[{"href":"https:\/\/reyma-mobiliario.com\/fr\/wp-json\/wp\/v2\/media?parent=14014"}],"wp:term":[{"taxonomy":"product_brand","embeddable":true,"href":"https:\/\/reyma-mobiliario.com\/fr\/wp-json\/wp\/v2\/product_brand?post=14014"},{"taxonomy":"product_cat","embeddable":true,"href":"https:\/\/reyma-mobiliario.com\/fr\/wp-json\/wp\/v2\/product_cat?post=14014"},{"taxonomy":"product_tag","embeddable":true,"href":"https:\/\/reyma-mobiliario.com\/fr\/wp-json\/wp\/v2\/product_tag?post=14014"}],"curies":[{"name":"wp","href":"https:\/\/api.w.org\/{rel}","templated":true}]}}