{"id":14026,"date":"2018-08-05T10:00:39","date_gmt":"2020-04-16T12:27:49","guid":{"rendered":"https:\/\/gifted-nightingale.82-223-11-116.plesk.page\/?post_type=product&#038;p=14026"},"modified":"2025-04-14T09:20:29","modified_gmt":"2025-04-14T07:20:29","slug":"chaise-breno","status":"publish","type":"product","link":"https:\/\/reyma-mobiliario.com\/fr\/productos\/chaise-breno\/","title":{"rendered":"Chaise Breno"},"content":{"rendered":"<p>Chaise r\u00e9alis\u00e9e avec structure en aluminium peint en gris. Assise con\u00e7ue en osier avec dossier surlign\u00e9 en aluminium peint et tress\u00e9 en osier. Tr\u00e8s confortable et adaptable \u00e0 tout espace.<\/p>\n","protected":false},"excerpt":{"rendered":"<p><strong> Poids: <\/strong> 5,05 kg<\/p>\n<p><strong> Mat\u00e9riaux <\/strong>:<br \/>\nStructure aluminium peint gris<br \/>\nAssise et dossier en osier anthracite.<\/p>\n<p><strong> Dimensions <\/strong>:<\/p>\n<p><img loading=\"lazy\" decoding=\"async\" class=\"alignnone size-full wp-image-11924\" src=\"https:\/\/reyma-mobiliario.com\/wp-content\/uploads\/2025\/04\/2025-breno-silla.jpg\" alt=\"Dimensions chaise Breno REYMA\" width=\"120\" height=\"120\" \/><\/p>\n","protected":false},"featured_media":14028,"template":"","meta":[],"product_brand":[],"product_cat":[1111,1106],"product_tag":[1144,1347,1168,1170,1209],"class_list":{"0":"post-14026","1":"product","2":"type-product","3":"status-publish","4":"has-post-thumbnail","6":"product_cat-chaises-dexterieur","7":"product_cat-exterieur","8":"product_tag-aluminium","9":"product_tag-chaises","10":"product_tag-mobilier-dexterieur","11":"product_tag-osier","12":"product_tag-serie-breno-fr","14":"first","15":"instock","16":"shipping-taxable","17":"product-type-simple"},"aioseo_notices":[],"_links":{"self":[{"href":"https:\/\/reyma-mobiliario.com\/fr\/wp-json\/wp\/v2\/product\/14026","targetHints":{"allow":["GET"]}}],"collection":[{"href":"https:\/\/reyma-mobiliario.com\/fr\/wp-json\/wp\/v2\/product"}],"about":[{"href":"https:\/\/reyma-mobiliario.com\/fr\/wp-json\/wp\/v2\/types\/product"}],"wp:featuredmedia":[{"embeddable":true,"href":"https:\/\/reyma-mobiliario.com\/fr\/wp-json\/wp\/v2\/media\/14028"}],"wp:attachment":[{"href":"https:\/\/reyma-mobiliario.com\/fr\/wp-json\/wp\/v2\/media?parent=14026"}],"wp:term":[{"taxonomy":"product_brand","embeddable":true,"href":"https:\/\/reyma-mobiliario.com\/fr\/wp-json\/wp\/v2\/product_brand?post=14026"},{"taxonomy":"product_cat","embeddable":true,"href":"https:\/\/reyma-mobiliario.com\/fr\/wp-json\/wp\/v2\/product_cat?post=14026"},{"taxonomy":"product_tag","embeddable":true,"href":"https:\/\/reyma-mobiliario.com\/fr\/wp-json\/wp\/v2\/product_tag?post=14026"}],"curies":[{"name":"wp","href":"https:\/\/api.w.org\/{rel}","templated":true}]}}