{"id":14052,"date":"2020-07-23T10:00:56","date_gmt":"2020-04-17T08:28:06","guid":{"rendered":"https:\/\/gifted-nightingale.82-223-11-116.plesk.page\/?post_type=product&#038;p=14052"},"modified":"2023-03-01T16:43:18","modified_gmt":"2023-03-01T15:43:18","slug":"chaise-eros","status":"publish","type":"product","link":"https:\/\/reyma-mobiliario.com\/fr\/productos\/chaise-eros\/","title":{"rendered":"Chaise Eros"},"content":{"rendered":"<p>Chaise d&rsquo;ext\u00e9rieur polyvalente. Il offre une finition en lattes d&rsquo;aluminium ou en double textil\u00e8ne de diff\u00e9rentes couleurs. Il s&rsquo;adapte \u00e0 n&rsquo;importe quel espace.<\/p>\n","protected":false},"excerpt":{"rendered":"<p><strong> Poids: <\/strong><br \/>\nLattes d&rsquo;assise: 3,90 kg<\/p>\n<p><strong> Mat\u00e9riaux <\/strong>:<br \/>\nStructure en aluminium peint: graphite, gris ou blanc.<\/p>\n<p>Assise et dossier:<br \/>\nLamelles en graphite, gris ou blanc.<\/p>\n<p><strong> Dimensions <\/strong>:<\/p>\n<p><img loading=\"lazy\" decoding=\"async\" class=\"alignnone size-full wp-image-11924\" src=\"https:\/\/reyma-mobiliario.com\/wp-content\/uploads\/2017\/10\/eros-silla.jpg\" alt=\"Dimensions chaise Eros REYMA\" width=\"120\" height=\"120\" \/><\/p>\n","protected":false},"featured_media":14060,"template":"","meta":[],"product_brand":[],"product_cat":[1111,1106],"product_tag":[1144,1347,1164,1168,1172,1234,1358],"class_list":{"0":"post-14052","1":"product","2":"type-product","3":"status-publish","4":"has-post-thumbnail","6":"product_cat-chaises-dexterieur","7":"product_cat-exterieur","8":"product_tag-aluminium","9":"product_tag-chaises","10":"product_tag-lamas-fr","11":"product_tag-mobilier-dexterieur","12":"product_tag-nouvelles-2017","13":"product_tag-serie-eros-fr","14":"product_tag-textilene-fr","16":"first","17":"instock","18":"shipping-taxable","19":"purchasable","20":"product-type-variable"},"aioseo_notices":[],"_links":{"self":[{"href":"https:\/\/reyma-mobiliario.com\/fr\/wp-json\/wp\/v2\/product\/14052","targetHints":{"allow":["GET"]}}],"collection":[{"href":"https:\/\/reyma-mobiliario.com\/fr\/wp-json\/wp\/v2\/product"}],"about":[{"href":"https:\/\/reyma-mobiliario.com\/fr\/wp-json\/wp\/v2\/types\/product"}],"wp:featuredmedia":[{"embeddable":true,"href":"https:\/\/reyma-mobiliario.com\/fr\/wp-json\/wp\/v2\/media\/14060"}],"wp:attachment":[{"href":"https:\/\/reyma-mobiliario.com\/fr\/wp-json\/wp\/v2\/media?parent=14052"}],"wp:term":[{"taxonomy":"product_brand","embeddable":true,"href":"https:\/\/reyma-mobiliario.com\/fr\/wp-json\/wp\/v2\/product_brand?post=14052"},{"taxonomy":"product_cat","embeddable":true,"href":"https:\/\/reyma-mobiliario.com\/fr\/wp-json\/wp\/v2\/product_cat?post=14052"},{"taxonomy":"product_tag","embeddable":true,"href":"https:\/\/reyma-mobiliario.com\/fr\/wp-json\/wp\/v2\/product_tag?post=14052"}],"curies":[{"name":"wp","href":"https:\/\/api.w.org\/{rel}","templated":true}]}}