{"id":14087,"date":"2016-05-08T10:00:11","date_gmt":"2020-04-17T09:46:23","guid":{"rendered":"https:\/\/gifted-nightingale.82-223-11-116.plesk.page\/?post_type=product&#038;p=14087"},"modified":"2023-11-13T13:22:56","modified_gmt":"2023-11-13T12:22:56","slug":"table-eros","status":"publish","type":"product","link":"https:\/\/reyma-mobiliario.com\/fr\/productos\/table-eros\/","title":{"rendered":"Table Eros"},"content":{"rendered":"<p>Table polyvalente disponible avec structure en acier et aluminium en diff\u00e9rentes couleurs. La taille de sa structure s&rsquo;adapte \u00e0 la taille du plateaux, ce qui lui conf\u00e8re une grande solidit\u00e9 et stabilit\u00e9.<\/p>\n","protected":false},"excerpt":{"rendered":"<p><strong> Hauteur: <\/strong> 75 cm<\/p>\n<p><strong> Mat\u00e9riaux <\/strong>:<br \/>\nInt\u00e9rieur: Pieds en acier peint: noir ou graphite<br \/>\nExt\u00e9rieur: Pieds en aluminium peint: gris, noir, graphite, blanc, d\u00e9co bambou, d\u00e9co-inox<\/p>\n<p>plateaux: werzalit ou Compact<\/p>\n<p><strong> Dimensions du plateaux: <\/strong><br \/>\n70&#215;70, 90&#215;90.<\/p>\n","protected":false},"featured_media":14108,"template":"","meta":[],"product_brand":[],"product_cat":[1106,1110],"product_tag":[1142,1144,1168,1169,1234,1166],"class_list":{"0":"post-14087","1":"product","2":"type-product","3":"status-publish","4":"has-post-thumbnail","6":"product_cat-exterieur","7":"product_cat-tables-dexterieur","8":"product_tag-acier","9":"product_tag-aluminium","10":"product_tag-mobilier-dexterieur","11":"product_tag-mobilier-interieur","12":"product_tag-serie-eros-fr","13":"product_tag-tables-fr","15":"first","16":"instock","17":"shipping-taxable","18":"purchasable","19":"product-type-variable"},"aioseo_notices":[],"_links":{"self":[{"href":"https:\/\/reyma-mobiliario.com\/fr\/wp-json\/wp\/v2\/product\/14087","targetHints":{"allow":["GET"]}}],"collection":[{"href":"https:\/\/reyma-mobiliario.com\/fr\/wp-json\/wp\/v2\/product"}],"about":[{"href":"https:\/\/reyma-mobiliario.com\/fr\/wp-json\/wp\/v2\/types\/product"}],"wp:featuredmedia":[{"embeddable":true,"href":"https:\/\/reyma-mobiliario.com\/fr\/wp-json\/wp\/v2\/media\/14108"}],"wp:attachment":[{"href":"https:\/\/reyma-mobiliario.com\/fr\/wp-json\/wp\/v2\/media?parent=14087"}],"wp:term":[{"taxonomy":"product_brand","embeddable":true,"href":"https:\/\/reyma-mobiliario.com\/fr\/wp-json\/wp\/v2\/product_brand?post=14087"},{"taxonomy":"product_cat","embeddable":true,"href":"https:\/\/reyma-mobiliario.com\/fr\/wp-json\/wp\/v2\/product_cat?post=14087"},{"taxonomy":"product_tag","embeddable":true,"href":"https:\/\/reyma-mobiliario.com\/fr\/wp-json\/wp\/v2\/product_tag?post=14087"}],"curies":[{"name":"wp","href":"https:\/\/api.w.org\/{rel}","templated":true}]}}