{"id":14145,"date":"2020-08-06T10:00:19","date_gmt":"2020-04-17T09:57:44","guid":{"rendered":"https:\/\/gifted-nightingale.82-223-11-116.plesk.page\/?post_type=product&#038;p=14145"},"modified":"2025-04-23T13:49:41","modified_gmt":"2025-04-23T11:49:41","slug":"fauteuil-eros","status":"publish","type":"product","link":"https:\/\/reyma-mobiliario.com\/fr\/productos\/fauteuil-eros\/","title":{"rendered":"Fauteuil Eros Lattes"},"content":{"rendered":"<p>Le fauteuil eros est l&rsquo;un des plus polyvalents de Reyma Mobiliario. Sa grande vari\u00e9t\u00e9 de configuration lui permet, avec la m\u00eame structure, de donner une touche plus d\u00e9contract\u00e9e ou \u00e9l\u00e9gante en fonction de l&rsquo;environnement que nous voulons cr\u00e9er. Fauteuil parfait pour tout environnement ext\u00e9rieur.<\/p>\n","protected":false},"excerpt":{"rendered":"<p><strong> Poids: <\/strong> 4,80Kg<\/p>\n<p><strong> Mat\u00e9riaux <\/strong>:<br \/>\nStructure en aluminium peint blanc avec lamelles blanc.<\/p>\n<p><strong> Dimensions <\/strong>:<\/p>\n<p><img loading=\"lazy\" decoding=\"async\" class=\"alignnone size-full wp-image-11924\" src=\"https:\/\/reyma-mobiliario.com\/wp-content\/uploads\/2025\/04\/2025-eros-sillon.jpg\" alt=\"Dimensions fauteuil Eros REYMA\" width=\"120\" height=\"120\" \/><\/p>\n","protected":false},"featured_media":14146,"template":"","meta":[],"product_brand":[],"product_cat":[1106,1112],"product_tag":[1144,1362,1164,1168,1172,1234],"class_list":{"0":"post-14145","1":"product","2":"type-product","3":"status-publish","4":"has-post-thumbnail","6":"product_cat-exterieur","7":"product_cat-fauteuils-dexterieur","8":"product_tag-aluminium","9":"product_tag-fauteuil","10":"product_tag-lamas-fr","11":"product_tag-mobilier-dexterieur","12":"product_tag-nouvelles-2017","13":"product_tag-serie-eros-fr","15":"first","16":"instock","17":"shipping-taxable","18":"product-type-simple"},"aioseo_notices":[],"_links":{"self":[{"href":"https:\/\/reyma-mobiliario.com\/fr\/wp-json\/wp\/v2\/product\/14145","targetHints":{"allow":["GET"]}}],"collection":[{"href":"https:\/\/reyma-mobiliario.com\/fr\/wp-json\/wp\/v2\/product"}],"about":[{"href":"https:\/\/reyma-mobiliario.com\/fr\/wp-json\/wp\/v2\/types\/product"}],"wp:featuredmedia":[{"embeddable":true,"href":"https:\/\/reyma-mobiliario.com\/fr\/wp-json\/wp\/v2\/media\/14146"}],"wp:attachment":[{"href":"https:\/\/reyma-mobiliario.com\/fr\/wp-json\/wp\/v2\/media?parent=14145"}],"wp:term":[{"taxonomy":"product_brand","embeddable":true,"href":"https:\/\/reyma-mobiliario.com\/fr\/wp-json\/wp\/v2\/product_brand?post=14145"},{"taxonomy":"product_cat","embeddable":true,"href":"https:\/\/reyma-mobiliario.com\/fr\/wp-json\/wp\/v2\/product_cat?post=14145"},{"taxonomy":"product_tag","embeddable":true,"href":"https:\/\/reyma-mobiliario.com\/fr\/wp-json\/wp\/v2\/product_tag?post=14145"}],"curies":[{"name":"wp","href":"https:\/\/api.w.org\/{rel}","templated":true}]}}