{"id":14186,"date":"2018-07-18T10:00:18","date_gmt":"2020-04-17T11:05:20","guid":{"rendered":"https:\/\/gifted-nightingale.82-223-11-116.plesk.page\/?post_type=product&#038;p=14186"},"modified":"2024-11-04T13:47:41","modified_gmt":"2024-11-04T12:47:41","slug":"tabouret-monaco","status":"publish","type":"product","link":"https:\/\/reyma-mobiliario.com\/fr\/productos\/tabouret-monaco\/","title":{"rendered":"Tabouret M\u00f3naco"},"content":{"rendered":"<p>Banc sans dossier con\u00e7u pour les environnements ext\u00e9rieurs, valable pour une utilisation en int\u00e9rieur. Sa structure en aluminium r\u00e9sistant est disponible en diff\u00e9rentes couleurs pour pouvoir jouer avec le contraste avec les si\u00e8ges compacts de diff\u00e9rentes couleurs ou pour les combiner dans des tons similaires.<\/p>\n","protected":false},"excerpt":{"rendered":"<p><strong> Poids <\/strong>: 4,50 kg<\/p>\n<p><strong> Mat\u00e9riaux <\/strong>:<br \/>\nSi\u00e8ge <strong> 33,7&#215;33,7 <\/strong> compact: Antarctique, blanc, beige, fr\u00eane, gris anthracite, gris argent\u00e9, Cachemire, Kenya, noir, noyer am\u00e9ricain, Pomp\u00e9i, rouge, rural, vert citron et weng\u00e9<br \/>\nCadre en aluminium peint: noir, graphite et blanc<\/p>\n<p><strong> Dimensions <\/strong>:<\/p>\n<p><img loading=\"lazy\" decoding=\"async\" class=\"alignnone size-full wp-image-11924\" src=\"https:\/\/reyma-mobiliario.com\/wp-content\/uploads\/2017\/10\/monaco-banqueta.jpg\" alt=\"Dimensions tabouret M\u00f3naco REYMA\" width=\"120\" height=\"120\" \/><\/p>\n","protected":false},"featured_media":12322,"template":"","meta":[],"product_brand":[],"product_cat":[1106,1107],"product_tag":[1169,1283,1147],"class_list":{"0":"post-14186","1":"product","2":"type-product","3":"status-publish","4":"has-post-thumbnail","6":"product_cat-exterieur","7":"product_cat-tabouret-dexterieur","8":"product_tag-mobilier-interieur","9":"product_tag-serie-monaco-fr","10":"product_tag-tabourets","12":"first","13":"instock","14":"shipping-taxable","15":"product-type-variable"},"aioseo_notices":[],"_links":{"self":[{"href":"https:\/\/reyma-mobiliario.com\/fr\/wp-json\/wp\/v2\/product\/14186","targetHints":{"allow":["GET"]}}],"collection":[{"href":"https:\/\/reyma-mobiliario.com\/fr\/wp-json\/wp\/v2\/product"}],"about":[{"href":"https:\/\/reyma-mobiliario.com\/fr\/wp-json\/wp\/v2\/types\/product"}],"wp:featuredmedia":[{"embeddable":true,"href":"https:\/\/reyma-mobiliario.com\/fr\/wp-json\/wp\/v2\/media\/12322"}],"wp:attachment":[{"href":"https:\/\/reyma-mobiliario.com\/fr\/wp-json\/wp\/v2\/media?parent=14186"}],"wp:term":[{"taxonomy":"product_brand","embeddable":true,"href":"https:\/\/reyma-mobiliario.com\/fr\/wp-json\/wp\/v2\/product_brand?post=14186"},{"taxonomy":"product_cat","embeddable":true,"href":"https:\/\/reyma-mobiliario.com\/fr\/wp-json\/wp\/v2\/product_cat?post=14186"},{"taxonomy":"product_tag","embeddable":true,"href":"https:\/\/reyma-mobiliario.com\/fr\/wp-json\/wp\/v2\/product_tag?post=14186"}],"curies":[{"name":"wp","href":"https:\/\/api.w.org\/{rel}","templated":true}]}}