{"id":14224,"date":"2020-08-11T10:00:16","date_gmt":"2020-04-20T07:29:18","guid":{"rendered":"https:\/\/gifted-nightingale.82-223-11-116.plesk.page\/?post_type=product&#038;p=14224"},"modified":"2023-03-01T17:16:06","modified_gmt":"2023-03-01T16:16:06","slug":"chaise-florida","status":"publish","type":"product","link":"https:\/\/reyma-mobiliario.com\/fr\/productos\/chaise-florida\/","title":{"rendered":"Chaise Florida"},"content":{"rendered":"<p>Chaise avec structure en aluminium et lattes sur le si\u00e8ge et le dossier. Son style industriel aux lignes douces lui donne une touche vintage. L\u00e9ger et r\u00e9sistant, il est id\u00e9al pour les environnements ext\u00e9rieurs.<\/p>\n","protected":false},"excerpt":{"rendered":"<p><strong> Poids: <\/strong> 3,35 kg<\/p>\n<p><strong> Mat\u00e9riaux <\/strong>:<br \/>\nStructure et lattes en aluminium peint: taupe ou blanc<\/p>\n<p><strong> Dimensions <\/strong>:<\/p>\n<p><img loading=\"lazy\" decoding=\"async\" class=\"alignnone size-full wp-image-11924\" src=\"https:\/\/reyma-mobiliario.com\/wp-content\/uploads\/2017\/08\/florida-silla.jpg\" alt=\"Dimensions chaise Florida REYMA\" width=\"120\" height=\"120\" \/><\/p>\n","protected":false},"featured_media":14226,"template":"","meta":[],"product_brand":[],"product_cat":[1111,1106],"product_tag":[1144,1347,1164,1168,1241],"class_list":{"0":"post-14224","1":"product","2":"type-product","3":"status-publish","4":"has-post-thumbnail","6":"product_cat-chaises-dexterieur","7":"product_cat-exterieur","8":"product_tag-aluminium","9":"product_tag-chaises","10":"product_tag-lamas-fr","11":"product_tag-mobilier-dexterieur","12":"product_tag-serie-florida-fr","14":"first","15":"instock","16":"shipping-taxable","17":"product-type-variable"},"aioseo_notices":[],"_links":{"self":[{"href":"https:\/\/reyma-mobiliario.com\/fr\/wp-json\/wp\/v2\/product\/14224","targetHints":{"allow":["GET"]}}],"collection":[{"href":"https:\/\/reyma-mobiliario.com\/fr\/wp-json\/wp\/v2\/product"}],"about":[{"href":"https:\/\/reyma-mobiliario.com\/fr\/wp-json\/wp\/v2\/types\/product"}],"wp:featuredmedia":[{"embeddable":true,"href":"https:\/\/reyma-mobiliario.com\/fr\/wp-json\/wp\/v2\/media\/14226"}],"wp:attachment":[{"href":"https:\/\/reyma-mobiliario.com\/fr\/wp-json\/wp\/v2\/media?parent=14224"}],"wp:term":[{"taxonomy":"product_brand","embeddable":true,"href":"https:\/\/reyma-mobiliario.com\/fr\/wp-json\/wp\/v2\/product_brand?post=14224"},{"taxonomy":"product_cat","embeddable":true,"href":"https:\/\/reyma-mobiliario.com\/fr\/wp-json\/wp\/v2\/product_cat?post=14224"},{"taxonomy":"product_tag","embeddable":true,"href":"https:\/\/reyma-mobiliario.com\/fr\/wp-json\/wp\/v2\/product_tag?post=14224"}],"curies":[{"name":"wp","href":"https:\/\/api.w.org\/{rel}","templated":true}]}}