{"id":14254,"date":"2020-04-03T10:00:08","date_gmt":"2020-04-20T07:51:33","guid":{"rendered":"https:\/\/gifted-nightingale.82-223-11-116.plesk.page\/?post_type=product&#038;p=14254"},"modified":"2024-10-30T09:37:26","modified_gmt":"2024-10-30T08:37:26","slug":"chaise-luxemburgo","status":"publish","type":"product","link":"https:\/\/reyma-mobiliario.com\/fr\/productos\/chaise-luxemburgo\/","title":{"rendered":"Chaise Luxemburgo"},"content":{"rendered":"<p>Chaise avec pied en acier peint et disponible en plusieurs couleurs. Sp\u00e9cialement con\u00e7u pour un usage int\u00e9rieur, il a diff\u00e9rentes couleurs dans le rembourrage pour l&rsquo;adapter \u00e0 l&rsquo;environnement que nous voulons cr\u00e9er.<\/p>\n<div><\/div>\n<div><\/div>\n<div><\/div>\n","protected":false},"excerpt":{"rendered":"<p><strong> Poids <\/strong>:<br \/>\nC4: 7,50Kg<br \/>\nB5: 8,95Kg<\/p>\n<p><strong> Mat\u00e9riaux <\/strong>:<br \/>\nStructure et rev\u00eatement en acier: Indiana, Panam\u00e1, Blanc, kashmir, et albero<br \/>\nPied C-4 peint: blanc, noir, d\u00e9co bois naturel, B-5, B-5 noir, B-14, B-14 noir<\/p>\n<p><strong>Assemblage\u00a0:<\/strong><br \/>\nBesoin d&rsquo;assemblage.<br \/>\nAssise + Pied<\/p>\n<p><strong> Dimensions <\/strong>:<br \/>\n<img loading=\"lazy\" decoding=\"async\" class=\"alignnone size-full wp-image-11924\" src=\"https:\/\/reyma-mobiliario.com\/wp-content\/uploads\/2020\/01\/luxemburgo-silla.jpg\" alt=\"Dimensions chaise Luxemburgo REYMA\" width=\"120\" height=\"120\" \/><\/p>\n<div><\/div>\n<div><\/div>\n<div><\/div>\n<div><\/div>\n","protected":false},"featured_media":25806,"template":"","meta":[],"product_brand":[],"product_cat":[1121,1114],"product_tag":[1347,1169,1263],"class_list":{"0":"post-14254","1":"product","2":"type-product","3":"status-publish","4":"has-post-thumbnail","6":"product_cat-chaises-dinterieur","7":"product_cat-interieur","8":"product_tag-chaises","9":"product_tag-mobilier-interieur","10":"product_tag-serie-luxemburgo-fr","12":"first","13":"instock","14":"shipping-taxable","15":"purchasable","16":"product-type-variable"},"aioseo_notices":[],"_links":{"self":[{"href":"https:\/\/reyma-mobiliario.com\/fr\/wp-json\/wp\/v2\/product\/14254","targetHints":{"allow":["GET"]}}],"collection":[{"href":"https:\/\/reyma-mobiliario.com\/fr\/wp-json\/wp\/v2\/product"}],"about":[{"href":"https:\/\/reyma-mobiliario.com\/fr\/wp-json\/wp\/v2\/types\/product"}],"wp:featuredmedia":[{"embeddable":true,"href":"https:\/\/reyma-mobiliario.com\/fr\/wp-json\/wp\/v2\/media\/25806"}],"wp:attachment":[{"href":"https:\/\/reyma-mobiliario.com\/fr\/wp-json\/wp\/v2\/media?parent=14254"}],"wp:term":[{"taxonomy":"product_brand","embeddable":true,"href":"https:\/\/reyma-mobiliario.com\/fr\/wp-json\/wp\/v2\/product_brand?post=14254"},{"taxonomy":"product_cat","embeddable":true,"href":"https:\/\/reyma-mobiliario.com\/fr\/wp-json\/wp\/v2\/product_cat?post=14254"},{"taxonomy":"product_tag","embeddable":true,"href":"https:\/\/reyma-mobiliario.com\/fr\/wp-json\/wp\/v2\/product_tag?post=14254"}],"curies":[{"name":"wp","href":"https:\/\/api.w.org\/{rel}","templated":true}]}}