{"id":14271,"date":"2020-05-11T10:00:48","date_gmt":"2020-04-20T07:59:09","guid":{"rendered":"https:\/\/gifted-nightingale.82-223-11-116.plesk.page\/?post_type=product&#038;p=14271"},"modified":"2021-08-11T09:04:13","modified_gmt":"2021-08-11T07:04:13","slug":"chaise-alabama","status":"publish","type":"product","link":"https:\/\/reyma-mobiliario.com\/fr\/productos\/chaise-alabama\/","title":{"rendered":"Chaise Alabama"},"content":{"rendered":"<p>Chaise aux lignes \u00e9pur\u00e9es et simples. Structure en acier avec deux finitions: graphite et noir. Il vous permet d&rsquo;utiliser des si\u00e8ges aux couleurs classiques pour vous donner un style plus sobre, ou des couleurs plus fortes comme le rembourrage rouge ou albero pour donner une note de couleur et risquer un peu plus de style.<\/p>\n<div><\/div>\n","protected":false},"excerpt":{"rendered":"<p><strong> Poids: <\/strong><br \/>\nAvec assise rembourr\u00e9e: 5,90 kg<br \/>\navec assise en bois lamell\u00e9: 5,70 kg<br \/>\navec assise en bois massif: 6,30 kg<\/p>\n<p><strong> Mat\u00e9riaux <\/strong>:<br \/>\nCadre en acier peint: graphite ou noir<br \/>\nAssise:<br \/>\nbois massif.<br \/>\nbois lamell\u00e9, stratifi\u00e9: kenya, \u00e9b\u00e8ne, noyer vintage et ch\u00eane vintage.<br \/>\nRembourrage: albero, blanc, cachemire, marron, noir, rouge, indiana, panama, gris, bleu, vert, moutarde, samba ou bois de santal.<\/p>\n<p><strong> Dimensions <\/strong>:<\/p>\n<p><img loading=\"lazy\" decoding=\"async\" class=\"alignnone size-full wp-image-11924\" src=\"https:\/\/reyma-mobiliario.com\/wp-content\/uploads\/2020\/01\/alabama-silla.jpg\" alt=\"Dimensions chaise Alabama REYMA\" width=\"120\" height=\"120\" \/><\/p>\n<div><\/div>\n","protected":false},"featured_media":14288,"template":"","meta":[],"product_brand":[],"product_cat":[1121,1114],"product_tag":[1347,1169,1171,1183],"class_list":{"0":"post-14271","1":"product","2":"type-product","3":"status-publish","4":"has-post-thumbnail","6":"product_cat-chaises-dinterieur","7":"product_cat-interieur","8":"product_tag-chaises","9":"product_tag-mobilier-interieur","10":"product_tag-nouvelles-2018","11":"product_tag-serie-alabama-fr","13":"first","14":"instock","15":"shipping-taxable","16":"purchasable","17":"product-type-variable"},"aioseo_notices":[],"_links":{"self":[{"href":"https:\/\/reyma-mobiliario.com\/fr\/wp-json\/wp\/v2\/product\/14271","targetHints":{"allow":["GET"]}}],"collection":[{"href":"https:\/\/reyma-mobiliario.com\/fr\/wp-json\/wp\/v2\/product"}],"about":[{"href":"https:\/\/reyma-mobiliario.com\/fr\/wp-json\/wp\/v2\/types\/product"}],"wp:featuredmedia":[{"embeddable":true,"href":"https:\/\/reyma-mobiliario.com\/fr\/wp-json\/wp\/v2\/media\/14288"}],"wp:attachment":[{"href":"https:\/\/reyma-mobiliario.com\/fr\/wp-json\/wp\/v2\/media?parent=14271"}],"wp:term":[{"taxonomy":"product_brand","embeddable":true,"href":"https:\/\/reyma-mobiliario.com\/fr\/wp-json\/wp\/v2\/product_brand?post=14271"},{"taxonomy":"product_cat","embeddable":true,"href":"https:\/\/reyma-mobiliario.com\/fr\/wp-json\/wp\/v2\/product_cat?post=14271"},{"taxonomy":"product_tag","embeddable":true,"href":"https:\/\/reyma-mobiliario.com\/fr\/wp-json\/wp\/v2\/product_tag?post=14271"}],"curies":[{"name":"wp","href":"https:\/\/api.w.org\/{rel}","templated":true}]}}