{"id":14342,"date":"2017-07-06T10:00:39","date_gmt":"2020-04-20T10:11:32","guid":{"rendered":"https:\/\/gifted-nightingale.82-223-11-116.plesk.page\/?post_type=product&#038;p=14342"},"modified":"2023-03-01T17:08:50","modified_gmt":"2023-03-01T16:08:50","slug":"fauteuil-bolonia","status":"publish","type":"product","link":"https:\/\/reyma-mobiliario.com\/fr\/productos\/fauteuil-bolonia\/","title":{"rendered":"Fauteuil Bolonia"},"content":{"rendered":"<p>Fauteuil robuste en aluminium et recouvert de moelle tress\u00e9e. Sa conception permet de les empiler en r\u00e9duisant l&rsquo;espace de stockage, ils sont \u00e9galement accompagn\u00e9s d&rsquo;un coussin qui leur donne une apparence plus confortable.<\/p>\n","protected":false},"excerpt":{"rendered":"<p><strong> Poids: <\/strong> 6,05 kg<\/p>\n<p><strong> Mat\u00e9riaux <\/strong>:<br \/>\nStructure en aluminium avec osier moka<\/p>\n<p>Coussin 4 cm d&rsquo;\u00e9paisseur<\/p>\n<p><strong> Dimensions <\/strong>:<\/p>\n<p><img loading=\"lazy\" decoding=\"async\" class=\"alignnone size-full wp-image-11924\" src=\"https:\/\/reyma-mobiliario.com\/wp-content\/uploads\/2017\/10\/bolonia-sillon.jpg\" alt=\"Dimensions fauteuil Bolonia REYMA\" width=\"120\" height=\"120\" \/><\/p>\n","protected":false},"featured_media":22621,"template":"","meta":[],"product_brand":[],"product_cat":[1106,1112],"product_tag":[1362,1167,1168,1170,1206],"class_list":{"0":"post-14342","1":"product","2":"type-product","3":"status-publish","4":"has-post-thumbnail","6":"product_cat-exterieur","7":"product_cat-fauteuils-dexterieur","8":"product_tag-fauteuil","9":"product_tag-meubles-avec-coussin","10":"product_tag-mobilier-dexterieur","11":"product_tag-osier","12":"product_tag-serie-bolonia-fr","14":"first","15":"instock","16":"shipping-taxable","17":"product-type-simple"},"aioseo_notices":[],"_links":{"self":[{"href":"https:\/\/reyma-mobiliario.com\/fr\/wp-json\/wp\/v2\/product\/14342","targetHints":{"allow":["GET"]}}],"collection":[{"href":"https:\/\/reyma-mobiliario.com\/fr\/wp-json\/wp\/v2\/product"}],"about":[{"href":"https:\/\/reyma-mobiliario.com\/fr\/wp-json\/wp\/v2\/types\/product"}],"wp:featuredmedia":[{"embeddable":true,"href":"https:\/\/reyma-mobiliario.com\/fr\/wp-json\/wp\/v2\/media\/22621"}],"wp:attachment":[{"href":"https:\/\/reyma-mobiliario.com\/fr\/wp-json\/wp\/v2\/media?parent=14342"}],"wp:term":[{"taxonomy":"product_brand","embeddable":true,"href":"https:\/\/reyma-mobiliario.com\/fr\/wp-json\/wp\/v2\/product_brand?post=14342"},{"taxonomy":"product_cat","embeddable":true,"href":"https:\/\/reyma-mobiliario.com\/fr\/wp-json\/wp\/v2\/product_cat?post=14342"},{"taxonomy":"product_tag","embeddable":true,"href":"https:\/\/reyma-mobiliario.com\/fr\/wp-json\/wp\/v2\/product_tag?post=14342"}],"curies":[{"name":"wp","href":"https:\/\/api.w.org\/{rel}","templated":true}]}}