{"id":14367,"date":"2017-03-21T10:00:40","date_gmt":"2020-04-20T10:47:34","guid":{"rendered":"https:\/\/gifted-nightingale.82-223-11-116.plesk.page\/?post_type=product&#038;p=14367"},"modified":"2025-04-15T08:18:17","modified_gmt":"2025-04-15T06:18:17","slug":"fauteuil-atlanta","status":"publish","type":"product","link":"https:\/\/reyma-mobiliario.com\/fr\/productos\/fauteuil-atlanta\/","title":{"rendered":"Fauteuil Atlanta"},"content":{"rendered":"<p>Fauteuil avec une structure en aluminium et con\u00e7u pour une utilisation en ext\u00e9rieur. Le tissu de osier est accompagn\u00e9 d&rsquo;un coussin pour offrir une apparence confortable qui vous invite \u00e0 rester.<\/p>\n","protected":false},"excerpt":{"rendered":"<p><strong> Poids: <\/strong> 7,00 kg<\/p>\n<p><strong> Mat\u00e9riaux <\/strong>:<br \/>\nStructure en aluminium avec osier blanc.<\/p>\n<p>Coussin gris 4 cm d&rsquo;\u00e9paisseur<\/p>\n<p><strong> Dimensions <\/strong>:<br \/>\n<img loading=\"lazy\" decoding=\"async\" class=\"alignnone size-full wp-image-11924\" src=\"https:\/\/reyma-mobiliario.com\/wp-content\/uploads\/2025\/04\/2025-atlanta-sillon.jpg\" alt=\"Dimensions fauteuil Atlanta REYMA\" width=\"120\" height=\"120\" \/><\/p>\n","protected":false},"featured_media":14368,"template":"","meta":[],"product_brand":[],"product_cat":[1106,1112],"product_tag":[1362,1167,1168,1170,1195],"class_list":{"0":"post-14367","1":"product","2":"type-product","3":"status-publish","4":"has-post-thumbnail","6":"product_cat-exterieur","7":"product_cat-fauteuils-dexterieur","8":"product_tag-fauteuil","9":"product_tag-meubles-avec-coussin","10":"product_tag-mobilier-dexterieur","11":"product_tag-osier","12":"product_tag-serie-atlanta-fr","14":"first","15":"instock","16":"shipping-taxable","17":"product-type-simple"},"aioseo_notices":[],"_links":{"self":[{"href":"https:\/\/reyma-mobiliario.com\/fr\/wp-json\/wp\/v2\/product\/14367","targetHints":{"allow":["GET"]}}],"collection":[{"href":"https:\/\/reyma-mobiliario.com\/fr\/wp-json\/wp\/v2\/product"}],"about":[{"href":"https:\/\/reyma-mobiliario.com\/fr\/wp-json\/wp\/v2\/types\/product"}],"wp:featuredmedia":[{"embeddable":true,"href":"https:\/\/reyma-mobiliario.com\/fr\/wp-json\/wp\/v2\/media\/14368"}],"wp:attachment":[{"href":"https:\/\/reyma-mobiliario.com\/fr\/wp-json\/wp\/v2\/media?parent=14367"}],"wp:term":[{"taxonomy":"product_brand","embeddable":true,"href":"https:\/\/reyma-mobiliario.com\/fr\/wp-json\/wp\/v2\/product_brand?post=14367"},{"taxonomy":"product_cat","embeddable":true,"href":"https:\/\/reyma-mobiliario.com\/fr\/wp-json\/wp\/v2\/product_cat?post=14367"},{"taxonomy":"product_tag","embeddable":true,"href":"https:\/\/reyma-mobiliario.com\/fr\/wp-json\/wp\/v2\/product_tag?post=14367"}],"curies":[{"name":"wp","href":"https:\/\/api.w.org\/{rel}","templated":true}]}}