{"id":14414,"date":"2017-03-07T10:00:26","date_gmt":"2020-04-21T06:38:19","guid":{"rendered":"https:\/\/gifted-nightingale.82-223-11-116.plesk.page\/?post_type=product&#038;p=14414"},"modified":"2025-03-19T11:17:00","modified_gmt":"2025-03-19T10:17:00","slug":"tabouret-bas-florencia","status":"publish","type":"product","link":"https:\/\/reyma-mobiliario.com\/fr\/productos\/tabouret-bas-florencia\/","title":{"rendered":"Tabouret bas  Florencia"},"content":{"rendered":"<p>tabouret bas avec une structure en aluminium tr\u00e8s r\u00e9sistante et de faible poids, ce qui le rend facile \u00e0 transporter ou \u00e0 d\u00e9placer d&rsquo;un c\u00f4t\u00e9 \u00e0 l&rsquo;autre. Il est enti\u00e8rement recouvert de moelle tress\u00e9e et disponible en diff\u00e9rentes couleurs. Son aspect standardis\u00e9 le rend id\u00e9al pour tout espace ext\u00e9rieur mais aussi int\u00e9rieur et sa polyvalence lui permet de s&rsquo;adapter \u00e0 tout environnement.<\/p>\n","protected":false},"excerpt":{"rendered":"<p><strong> Poids: <\/strong> 2,70 kg<\/p>\n<p><strong> Mat\u00e9riaux <\/strong>:<br \/>\nStructure en aluminium avec osier en blanc, caf\u00e9 ou moka<\/p>\n<p><strong> Dimensions <\/strong>:<\/p>\n<p><img loading=\"lazy\" decoding=\"async\" class=\"alignnone size-full wp-image-11924\" src=\"https:\/\/reyma-mobiliario.com\/wp-content\/uploads\/2025\/03\/2025-florencia-banqueta-baja.jpg\" alt=\"Dimensions tabouret bas Florencia REYMA\" width=\"120\" height=\"120\" \/><\/p>\n","protected":false},"featured_media":14417,"template":"","meta":[],"product_brand":[],"product_cat":[1106,1107],"product_tag":[1168,1170,1240,1330,1147],"class_list":{"0":"post-14414","1":"product","2":"type-product","3":"status-publish","4":"has-post-thumbnail","6":"product_cat-exterieur","7":"product_cat-tabouret-dexterieur","8":"product_tag-mobilier-dexterieur","9":"product_tag-osier","10":"product_tag-serie-florencia-fr","11":"product_tag-serie-toscana-fr","12":"product_tag-tabourets","14":"first","15":"instock","16":"shipping-taxable","17":"purchasable","18":"product-type-variable"},"aioseo_notices":[],"_links":{"self":[{"href":"https:\/\/reyma-mobiliario.com\/fr\/wp-json\/wp\/v2\/product\/14414","targetHints":{"allow":["GET"]}}],"collection":[{"href":"https:\/\/reyma-mobiliario.com\/fr\/wp-json\/wp\/v2\/product"}],"about":[{"href":"https:\/\/reyma-mobiliario.com\/fr\/wp-json\/wp\/v2\/types\/product"}],"wp:featuredmedia":[{"embeddable":true,"href":"https:\/\/reyma-mobiliario.com\/fr\/wp-json\/wp\/v2\/media\/14417"}],"wp:attachment":[{"href":"https:\/\/reyma-mobiliario.com\/fr\/wp-json\/wp\/v2\/media?parent=14414"}],"wp:term":[{"taxonomy":"product_brand","embeddable":true,"href":"https:\/\/reyma-mobiliario.com\/fr\/wp-json\/wp\/v2\/product_brand?post=14414"},{"taxonomy":"product_cat","embeddable":true,"href":"https:\/\/reyma-mobiliario.com\/fr\/wp-json\/wp\/v2\/product_cat?post=14414"},{"taxonomy":"product_tag","embeddable":true,"href":"https:\/\/reyma-mobiliario.com\/fr\/wp-json\/wp\/v2\/product_tag?post=14414"}],"curies":[{"name":"wp","href":"https:\/\/api.w.org\/{rel}","templated":true}]}}