{"id":14476,"date":"2017-03-18T10:00:41","date_gmt":"2020-04-21T08:57:18","guid":{"rendered":"https:\/\/gifted-nightingale.82-223-11-116.plesk.page\/?post_type=product&#038;p=14476"},"modified":"2022-04-27T08:40:44","modified_gmt":"2022-04-27T06:40:44","slug":"table-esfera","status":"publish","type":"product","link":"https:\/\/reyma-mobiliario.com\/fr\/productos\/table-esfera\/","title":{"rendered":"Table Esfera 4517"},"content":{"rendered":"<p>Table basse avec structure en aluminium cr\u00e9\u00e9e pour une utilisation en ext\u00e9rieur. Recouvert de moelle tress\u00e9e de couleur anthracite. Il est possible de combiner avec des chaises ou un tabouret bas, en s&rsquo;adaptant facilement.<\/p>\n","protected":false},"excerpt":{"rendered":"<p><strong> Poids: <\/strong> 4\u00a0kg<\/p>\n<p><strong> Mat\u00e9riaux <\/ strong>\u00a0:<br \/>\nStructure en aluminium avec osier anthracite.<\/p>\n<p><strong>Dimensions<\/strong>\u00a0:<br \/>\n<img loading=\"lazy\" decoding=\"async\" class=\"alignnone size-full wp-image-11924\" src=\"https:\/\/reyma-mobiliario.com\/wp-content\/uploads\/2017\/10\/esfera-mesa.jpg\" alt=\"Dimensions table Esfera REYMA\" width=\"120\" height=\"120\" \/><\/p>\n","protected":false},"featured_media":17903,"template":"","meta":[],"product_brand":[],"product_cat":[1106,1110],"product_tag":[1168,1170,1235,1166],"class_list":{"0":"post-14476","1":"product","2":"type-product","3":"status-publish","4":"has-post-thumbnail","6":"product_cat-exterieur","7":"product_cat-tables-dexterieur","8":"product_tag-mobilier-dexterieur","9":"product_tag-osier","10":"product_tag-serie-esfera-fr","11":"product_tag-tables-fr","13":"first","14":"instock","15":"shipping-taxable","16":"product-type-simple"},"aioseo_notices":[],"_links":{"self":[{"href":"https:\/\/reyma-mobiliario.com\/fr\/wp-json\/wp\/v2\/product\/14476","targetHints":{"allow":["GET"]}}],"collection":[{"href":"https:\/\/reyma-mobiliario.com\/fr\/wp-json\/wp\/v2\/product"}],"about":[{"href":"https:\/\/reyma-mobiliario.com\/fr\/wp-json\/wp\/v2\/types\/product"}],"wp:featuredmedia":[{"embeddable":true,"href":"https:\/\/reyma-mobiliario.com\/fr\/wp-json\/wp\/v2\/media\/17903"}],"wp:attachment":[{"href":"https:\/\/reyma-mobiliario.com\/fr\/wp-json\/wp\/v2\/media?parent=14476"}],"wp:term":[{"taxonomy":"product_brand","embeddable":true,"href":"https:\/\/reyma-mobiliario.com\/fr\/wp-json\/wp\/v2\/product_brand?post=14476"},{"taxonomy":"product_cat","embeddable":true,"href":"https:\/\/reyma-mobiliario.com\/fr\/wp-json\/wp\/v2\/product_cat?post=14476"},{"taxonomy":"product_tag","embeddable":true,"href":"https:\/\/reyma-mobiliario.com\/fr\/wp-json\/wp\/v2\/product_tag?post=14476"}],"curies":[{"name":"wp","href":"https:\/\/api.w.org\/{rel}","templated":true}]}}