{"id":14481,"date":"2017-03-11T10:00:32","date_gmt":"2020-04-21T10:40:44","guid":{"rendered":"https:\/\/gifted-nightingale.82-223-11-116.plesk.page\/?post_type=product&#038;p=14481"},"modified":"2025-03-19T12:17:06","modified_gmt":"2025-03-19T11:17:06","slug":"chaise-capri","status":"publish","type":"product","link":"https:\/\/reyma-mobiliario.com\/fr\/productos\/chaise-capri\/","title":{"rendered":"Chaise Capri"},"content":{"rendered":"<p>Chaise aux lignes simples et dossier confortable. Fabriqu\u00e9 en aluminium r\u00e9sistant pour une utilisation en ext\u00e9rieur, il est recouvert de moelle tress\u00e9e et adapt\u00e9 \u00e0 presque tous les espaces ext\u00e9rieurs.<\/p>\n","protected":false},"excerpt":{"rendered":"<p><strong> Poids: <\/strong> 3,75 kg<\/p>\n<p><strong> Mat\u00e9riaux <\/strong>:<br \/>\nStructure en aluminium avec osier anthracite<\/p>\n<p><strong> Dimensions <\/strong>:<\/p>\n<p><img loading=\"lazy\" decoding=\"async\" class=\"alignnone size-full wp-image-11924\" src=\"https:\/\/reyma-mobiliario.com\/wp-content\/uploads\/2025\/03\/2025-capri-silla.jpg\" alt=\"Dimensions chaise Capri REYMA\" width=\"120\" height=\"120\" \/><\/p>\n","protected":false},"featured_media":14483,"template":"","meta":[],"product_brand":[],"product_cat":[1111,1106],"product_tag":[1347,1168,1170,1220],"class_list":{"0":"post-14481","1":"product","2":"type-product","3":"status-publish","4":"has-post-thumbnail","6":"product_cat-chaises-dexterieur","7":"product_cat-exterieur","8":"product_tag-chaises","9":"product_tag-mobilier-dexterieur","10":"product_tag-osier","11":"product_tag-serie-capri-fr","13":"first","14":"instock","15":"shipping-taxable","16":"product-type-simple"},"aioseo_notices":[],"_links":{"self":[{"href":"https:\/\/reyma-mobiliario.com\/fr\/wp-json\/wp\/v2\/product\/14481","targetHints":{"allow":["GET"]}}],"collection":[{"href":"https:\/\/reyma-mobiliario.com\/fr\/wp-json\/wp\/v2\/product"}],"about":[{"href":"https:\/\/reyma-mobiliario.com\/fr\/wp-json\/wp\/v2\/types\/product"}],"wp:featuredmedia":[{"embeddable":true,"href":"https:\/\/reyma-mobiliario.com\/fr\/wp-json\/wp\/v2\/media\/14483"}],"wp:attachment":[{"href":"https:\/\/reyma-mobiliario.com\/fr\/wp-json\/wp\/v2\/media?parent=14481"}],"wp:term":[{"taxonomy":"product_brand","embeddable":true,"href":"https:\/\/reyma-mobiliario.com\/fr\/wp-json\/wp\/v2\/product_brand?post=14481"},{"taxonomy":"product_cat","embeddable":true,"href":"https:\/\/reyma-mobiliario.com\/fr\/wp-json\/wp\/v2\/product_cat?post=14481"},{"taxonomy":"product_tag","embeddable":true,"href":"https:\/\/reyma-mobiliario.com\/fr\/wp-json\/wp\/v2\/product_tag?post=14481"}],"curies":[{"name":"wp","href":"https:\/\/api.w.org\/{rel}","templated":true}]}}