{"id":14523,"date":"2017-03-15T10:00:38","date_gmt":"2020-04-22T07:31:02","guid":{"rendered":"https:\/\/gifted-nightingale.82-223-11-116.plesk.page\/?post_type=product&#038;p=14523"},"modified":"2025-04-15T09:21:56","modified_gmt":"2025-04-15T07:21:56","slug":"table-espacio","status":"publish","type":"product","link":"https:\/\/reyma-mobiliario.com\/fr\/productos\/table-espacio\/","title":{"rendered":"Table Espacio 4290-4240-4340"},"content":{"rendered":"<p>Table basse de 45cm de haut et disponible en diff\u00e9rentes tailles. Sa structure en aluminium r\u00e9sistant et son enrouleur de cordon tress\u00e9 le rendent id\u00e9al pour tout environnement ext\u00e9rieur. Il est disponible en diff\u00e9rentes couleurs de osier e pour le combiner et l&rsquo;adapter aux besoins du client.<\/p>\n","protected":false},"excerpt":{"rendered":"<p><strong> Hauteur: <\/strong> 45 cm<\/p>\n<p><strong> Bas et poids sup\u00e9rieurs: <\/strong><br \/>\n50&#215;50: 5,25 kg<br \/>\n69&#215;69: 6,75 kg<br \/>\n50&#215;90: 6,55 kg<\/p>\n<p><strong> Mat\u00e9riaux <\/strong>:<br \/>\nStructure en aluminium avec osier: anthracite, blanc, caf\u00e9, moka ou fr\u00eane<\/p>\n<p><strong> Dimensions <\/strong>:<\/p>\n<p><img loading=\"lazy\" decoding=\"async\" class=\"alignnone size-full wp-image-11924\" src=\"https:\/\/reyma-mobiliario.com\/wp-content\/uploads\/2025\/04\/2025-espacio-mesa50x50.jpg\" alt=\"Dimensions table espacio REYMA\" width=\"120\" height=\"120\" \/><img loading=\"lazy\" decoding=\"async\" class=\"alignnone size-full wp-image-11924\" src=\"https:\/\/reyma-mobiliario.com\/wp-content\/uploads\/2025\/04\/2025-espacio-mesa69x69.jpg\" alt=\"Dimensions table espacio REYMA\" width=\"120\" height=\"120\" \/><img loading=\"lazy\" decoding=\"async\" class=\"alignnone size-full wp-image-11924\" src=\"https:\/\/reyma-mobiliario.com\/wp-content\/uploads\/2025\/04\/2025-espacio-mesa90x50.jpg\" alt=\"Dimensions table espacio REYMA\" width=\"120\" height=\"120\" \/><\/p>\n","protected":false},"featured_media":14526,"template":"","meta":[],"product_brand":[],"product_cat":[1106,1110],"product_tag":[1168,1170,1236,1166],"class_list":{"0":"post-14523","1":"product","2":"type-product","3":"status-publish","4":"has-post-thumbnail","6":"product_cat-exterieur","7":"product_cat-tables-dexterieur","8":"product_tag-mobilier-dexterieur","9":"product_tag-osier","10":"product_tag-serie-espacio-fr","11":"product_tag-tables-fr","13":"first","14":"instock","15":"shipping-taxable","16":"purchasable","17":"product-type-variable"},"aioseo_notices":[],"_links":{"self":[{"href":"https:\/\/reyma-mobiliario.com\/fr\/wp-json\/wp\/v2\/product\/14523","targetHints":{"allow":["GET"]}}],"collection":[{"href":"https:\/\/reyma-mobiliario.com\/fr\/wp-json\/wp\/v2\/product"}],"about":[{"href":"https:\/\/reyma-mobiliario.com\/fr\/wp-json\/wp\/v2\/types\/product"}],"wp:featuredmedia":[{"embeddable":true,"href":"https:\/\/reyma-mobiliario.com\/fr\/wp-json\/wp\/v2\/media\/14526"}],"wp:attachment":[{"href":"https:\/\/reyma-mobiliario.com\/fr\/wp-json\/wp\/v2\/media?parent=14523"}],"wp:term":[{"taxonomy":"product_brand","embeddable":true,"href":"https:\/\/reyma-mobiliario.com\/fr\/wp-json\/wp\/v2\/product_brand?post=14523"},{"taxonomy":"product_cat","embeddable":true,"href":"https:\/\/reyma-mobiliario.com\/fr\/wp-json\/wp\/v2\/product_cat?post=14523"},{"taxonomy":"product_tag","embeddable":true,"href":"https:\/\/reyma-mobiliario.com\/fr\/wp-json\/wp\/v2\/product_tag?post=14523"}],"curies":[{"name":"wp","href":"https:\/\/api.w.org\/{rel}","templated":true}]}}