{"id":14549,"date":"2017-03-16T10:00:36","date_gmt":"2020-04-22T08:47:29","guid":{"rendered":"https:\/\/gifted-nightingale.82-223-11-116.plesk.page\/?post_type=product&#038;p=14549"},"modified":"2025-04-15T08:53:38","modified_gmt":"2025-04-15T06:53:38","slug":"module-dangle","status":"publish","type":"product","link":"https:\/\/reyma-mobiliario.com\/fr\/productos\/module-dangle\/","title":{"rendered":"Module d&rsquo;angle"},"content":{"rendered":"<p>Canap\u00e9 modulaire avec structure en aluminium et design d&rsquo;angle, tr\u00e8s r\u00e9sistant et adapt\u00e9 \u00e0 une utilisation en ext\u00e9rieur. Couverts de diff\u00e9rentes couleurs, deux mod\u00e8les identiques peuvent \u00eatre combin\u00e9s.<\/p>\n","protected":false},"excerpt":{"rendered":"<p><strong>Peso: <\/strong>12,65 kg<\/p>\n<p><strong>Materiales<\/strong>:<br \/>\nEstructura de aluminio con m\u00e9dula: Antracita, Blanco, Caf\u00e9 o Ceniza<br \/>\nAsiento con coj\u00edn de 10 cm de grosor y Respaldo 8 cm<\/p>\n<p><strong>Dimensions<\/strong>:<\/p>\n<p><img loading=\"lazy\" decoding=\"async\" class=\"alignnone size-full wp-image-11924\" src=\"https:\/\/reyma-mobiliario.com\/wp-content\/uploads\/2025\/04\/2025-modulo-rincon.jpg\" alt=\"Dimensions Module d'angle REYMA\" width=\"120\" height=\"120\" \/><\/p>\n","protected":false},"featured_media":14552,"template":"","meta":[],"product_brand":[],"product_cat":[1113,1106],"product_tag":[1350,1167,1168,1170,1282],"class_list":{"0":"post-14549","1":"product","2":"type-product","3":"status-publish","4":"has-post-thumbnail","6":"product_cat-canapes-dexterieur","7":"product_cat-exterieur","8":"product_tag-canape","9":"product_tag-meubles-avec-coussin","10":"product_tag-mobilier-dexterieur","11":"product_tag-osier","12":"product_tag-serie-modulo-fr","14":"first","15":"instock","16":"shipping-taxable","17":"purchasable","18":"product-type-variable"},"aioseo_notices":[],"_links":{"self":[{"href":"https:\/\/reyma-mobiliario.com\/fr\/wp-json\/wp\/v2\/product\/14549","targetHints":{"allow":["GET"]}}],"collection":[{"href":"https:\/\/reyma-mobiliario.com\/fr\/wp-json\/wp\/v2\/product"}],"about":[{"href":"https:\/\/reyma-mobiliario.com\/fr\/wp-json\/wp\/v2\/types\/product"}],"wp:featuredmedia":[{"embeddable":true,"href":"https:\/\/reyma-mobiliario.com\/fr\/wp-json\/wp\/v2\/media\/14552"}],"wp:attachment":[{"href":"https:\/\/reyma-mobiliario.com\/fr\/wp-json\/wp\/v2\/media?parent=14549"}],"wp:term":[{"taxonomy":"product_brand","embeddable":true,"href":"https:\/\/reyma-mobiliario.com\/fr\/wp-json\/wp\/v2\/product_brand?post=14549"},{"taxonomy":"product_cat","embeddable":true,"href":"https:\/\/reyma-mobiliario.com\/fr\/wp-json\/wp\/v2\/product_cat?post=14549"},{"taxonomy":"product_tag","embeddable":true,"href":"https:\/\/reyma-mobiliario.com\/fr\/wp-json\/wp\/v2\/product_tag?post=14549"}],"curies":[{"name":"wp","href":"https:\/\/api.w.org\/{rel}","templated":true}]}}