{"id":14574,"date":"2017-03-14T10:00:03","date_gmt":"2020-04-22T09:06:14","guid":{"rendered":"https:\/\/gifted-nightingale.82-223-11-116.plesk.page\/?post_type=product&#038;p=14574"},"modified":"2025-04-15T09:02:57","modified_gmt":"2025-04-15T07:02:57","slug":"fauteuil-espacio-1","status":"publish","type":"product","link":"https:\/\/reyma-mobiliario.com\/fr\/productos\/fauteuil-espacio-1\/","title":{"rendered":"Fauteuil Espacio 1"},"content":{"rendered":"<p>Fauteuil avec structure en aluminium r\u00e9sistant pour une utilisation en ext\u00e9rieur. Con\u00e7u avec des lignes droites et de osier tress\u00e9e disponibles en diff\u00e9rentes couleurs. Il est accompagn\u00e9 d&rsquo;un ensemble de coussins pour l&rsquo;assise et le dossier qui lui donne une touche plus confortable qui vous invite \u00e0 vous asseoir.<\/p>\n","protected":false},"excerpt":{"rendered":"<p><strong> Poids: <\/strong> 11,45 kg<\/p>\n<p><strong> Mat\u00e9riaux <\/strong>:<br \/>\nStructure en aluminium avec osier: anthracite, blanc, marron ou cendre.<br \/>\nAssise avec coussin 10 cm d&rsquo;\u00e9paisseur et dossier 8 cm<\/p>\n<p><strong> Dimensions <\/strong>:<\/p>\n<p><img loading=\"lazy\" decoding=\"async\" class=\"alignnone size-full wp-image-11924\" src=\"https:\/\/reyma-mobiliario.com\/wp-content\/uploads\/2025\/04\/2025-espacio1-sillon.jpg\" alt=\"Dimensions fauteuil Espacio 1 REYMA\" width=\"120\" height=\"120\" \/><\/p>\n","protected":false},"featured_media":14578,"template":"","meta":[],"product_brand":[],"product_cat":[1106,1112],"product_tag":[1350,1167,1168,1170,1236],"class_list":{"0":"post-14574","1":"product","2":"type-product","3":"status-publish","4":"has-post-thumbnail","6":"product_cat-exterieur","7":"product_cat-fauteuils-dexterieur","8":"product_tag-canape","9":"product_tag-meubles-avec-coussin","10":"product_tag-mobilier-dexterieur","11":"product_tag-osier","12":"product_tag-serie-espacio-fr","14":"first","15":"instock","16":"shipping-taxable","17":"purchasable","18":"product-type-variable"},"aioseo_notices":[],"_links":{"self":[{"href":"https:\/\/reyma-mobiliario.com\/fr\/wp-json\/wp\/v2\/product\/14574","targetHints":{"allow":["GET"]}}],"collection":[{"href":"https:\/\/reyma-mobiliario.com\/fr\/wp-json\/wp\/v2\/product"}],"about":[{"href":"https:\/\/reyma-mobiliario.com\/fr\/wp-json\/wp\/v2\/types\/product"}],"wp:featuredmedia":[{"embeddable":true,"href":"https:\/\/reyma-mobiliario.com\/fr\/wp-json\/wp\/v2\/media\/14578"}],"wp:attachment":[{"href":"https:\/\/reyma-mobiliario.com\/fr\/wp-json\/wp\/v2\/media?parent=14574"}],"wp:term":[{"taxonomy":"product_brand","embeddable":true,"href":"https:\/\/reyma-mobiliario.com\/fr\/wp-json\/wp\/v2\/product_brand?post=14574"},{"taxonomy":"product_cat","embeddable":true,"href":"https:\/\/reyma-mobiliario.com\/fr\/wp-json\/wp\/v2\/product_cat?post=14574"},{"taxonomy":"product_tag","embeddable":true,"href":"https:\/\/reyma-mobiliario.com\/fr\/wp-json\/wp\/v2\/product_tag?post=14574"}],"curies":[{"name":"wp","href":"https:\/\/api.w.org\/{rel}","templated":true}]}}