{"id":14612,"date":"2017-03-19T10:00:58","date_gmt":"2020-04-22T10:45:58","guid":{"rendered":"https:\/\/gifted-nightingale.82-223-11-116.plesk.page\/?post_type=product&#038;p=14612"},"modified":"2025-04-15T08:31:44","modified_gmt":"2025-04-15T06:31:44","slug":"fauteuil-tiempo","status":"publish","type":"product","link":"https:\/\/reyma-mobiliario.com\/fr\/productos\/fauteuil-tiempo\/","title":{"rendered":"Fauteuil Tiempo"},"content":{"rendered":"<p>Fauteuil robuste con\u00e7u pour une utilisation en ext\u00e9rieur avec de la moelle tress\u00e9e, compl\u00e9t\u00e9 par un coussin pour un plus grand confort du client. Fabriqu\u00e9 avec une structure r\u00e9sistante, il peut \u00eatre utilis\u00e9 \u00e0 l&rsquo;ext\u00e9rieur.<\/p>\n","protected":false},"excerpt":{"rendered":"<p><strong> Poids: <\/strong> 8,45 kg<\/p>\n<p><strong> Mat\u00e9riaux <\/strong>:<br \/>\nStructure en aluminium avec moelle: blanc ou anthracite<br \/>\nAvec gris coussin de 4 cm d&rsquo;\u00e9paisseur.<\/p>\n<p><strong> Dimensions <\/strong>:<\/p>\n<p><img loading=\"lazy\" decoding=\"async\" class=\"alignnone size-full wp-image-11924\" src=\"https:\/\/reyma-mobiliario.com\/wp-content\/uploads\/2025\/04\/2025-tiempo-sillon.jpg\" alt=\"Dimensions fauteuil Tiempo REYMA\" width=\"120\" height=\"120\" \/><\/p>\n","protected":false},"featured_media":14615,"template":"","meta":[],"product_brand":[],"product_cat":[1106,1112],"product_tag":[1350,1167,1168,1170,1325],"class_list":{"0":"post-14612","1":"product","2":"type-product","3":"status-publish","4":"has-post-thumbnail","6":"product_cat-exterieur","7":"product_cat-fauteuils-dexterieur","8":"product_tag-canape","9":"product_tag-meubles-avec-coussin","10":"product_tag-mobilier-dexterieur","11":"product_tag-osier","12":"product_tag-serie-tiempo-fr","14":"first","15":"instock","16":"shipping-taxable","17":"purchasable","18":"product-type-variable"},"aioseo_notices":[],"_links":{"self":[{"href":"https:\/\/reyma-mobiliario.com\/fr\/wp-json\/wp\/v2\/product\/14612","targetHints":{"allow":["GET"]}}],"collection":[{"href":"https:\/\/reyma-mobiliario.com\/fr\/wp-json\/wp\/v2\/product"}],"about":[{"href":"https:\/\/reyma-mobiliario.com\/fr\/wp-json\/wp\/v2\/types\/product"}],"wp:featuredmedia":[{"embeddable":true,"href":"https:\/\/reyma-mobiliario.com\/fr\/wp-json\/wp\/v2\/media\/14615"}],"wp:attachment":[{"href":"https:\/\/reyma-mobiliario.com\/fr\/wp-json\/wp\/v2\/media?parent=14612"}],"wp:term":[{"taxonomy":"product_brand","embeddable":true,"href":"https:\/\/reyma-mobiliario.com\/fr\/wp-json\/wp\/v2\/product_brand?post=14612"},{"taxonomy":"product_cat","embeddable":true,"href":"https:\/\/reyma-mobiliario.com\/fr\/wp-json\/wp\/v2\/product_cat?post=14612"},{"taxonomy":"product_tag","embeddable":true,"href":"https:\/\/reyma-mobiliario.com\/fr\/wp-json\/wp\/v2\/product_tag?post=14612"}],"curies":[{"name":"wp","href":"https:\/\/api.w.org\/{rel}","templated":true}]}}