{"id":14621,"date":"2017-03-20T10:00:12","date_gmt":"2020-04-22T11:01:16","guid":{"rendered":"https:\/\/gifted-nightingale.82-223-11-116.plesk.page\/?post_type=product&#038;p=14621"},"modified":"2025-04-14T13:44:08","modified_gmt":"2025-04-14T11:44:08","slug":"fauteuil-varese","status":"publish","type":"product","link":"https:\/\/reyma-mobiliario.com\/fr\/productos\/fauteuil-varese\/","title":{"rendered":"Fauteuil Varese"},"content":{"rendered":"<p>Fauteuil con\u00e7u pour une utilisation en ext\u00e9rieur et disponible en osier. Il est accompagn\u00e9 d&rsquo;un coussin confortable qui, avec les accoudoirs larges, en fait une chaise tr\u00e8s confortable pour tout environnement ext\u00e9rieur ou terrasse.<\/p>\n","protected":false},"excerpt":{"rendered":"<p><strong> Poids: <\/strong> 7,70 kg<\/p>\n<p><strong> Mat\u00e9riaux <\/strong>:<br \/>\nStructure en aluminium avec osier: Blanc<br \/>\nAvec coussin de 8 cm d&rsquo;\u00e9paisseur<\/p>\n<p><strong> Dimensions <\/strong>:<\/p>\n<p><img loading=\"lazy\" decoding=\"async\" class=\"alignnone size-full wp-image-11924\" src=\"https:\/\/reyma-mobiliario.com\/wp-content\/uploads\/2025\/04\/2025-varese-sillon.jpg\" alt=\"Dimensions fauteuil Varese REYMA\" width=\"120\" height=\"120\" \/><\/p>\n","protected":false},"featured_media":14622,"template":"","meta":[],"product_brand":[],"product_cat":[1106,1112],"product_tag":[1350,1167,1168,1170,1337],"class_list":{"0":"post-14621","1":"product","2":"type-product","3":"status-publish","4":"has-post-thumbnail","6":"product_cat-exterieur","7":"product_cat-fauteuils-dexterieur","8":"product_tag-canape","9":"product_tag-meubles-avec-coussin","10":"product_tag-mobilier-dexterieur","11":"product_tag-osier","12":"product_tag-serie-varese-fr","14":"first","15":"instock","16":"shipping-taxable","17":"product-type-simple"},"aioseo_notices":[],"_links":{"self":[{"href":"https:\/\/reyma-mobiliario.com\/fr\/wp-json\/wp\/v2\/product\/14621","targetHints":{"allow":["GET"]}}],"collection":[{"href":"https:\/\/reyma-mobiliario.com\/fr\/wp-json\/wp\/v2\/product"}],"about":[{"href":"https:\/\/reyma-mobiliario.com\/fr\/wp-json\/wp\/v2\/types\/product"}],"wp:featuredmedia":[{"embeddable":true,"href":"https:\/\/reyma-mobiliario.com\/fr\/wp-json\/wp\/v2\/media\/14622"}],"wp:attachment":[{"href":"https:\/\/reyma-mobiliario.com\/fr\/wp-json\/wp\/v2\/media?parent=14621"}],"wp:term":[{"taxonomy":"product_brand","embeddable":true,"href":"https:\/\/reyma-mobiliario.com\/fr\/wp-json\/wp\/v2\/product_brand?post=14621"},{"taxonomy":"product_cat","embeddable":true,"href":"https:\/\/reyma-mobiliario.com\/fr\/wp-json\/wp\/v2\/product_cat?post=14621"},{"taxonomy":"product_tag","embeddable":true,"href":"https:\/\/reyma-mobiliario.com\/fr\/wp-json\/wp\/v2\/product_tag?post=14621"}],"curies":[{"name":"wp","href":"https:\/\/api.w.org\/{rel}","templated":true}]}}