{"id":14630,"date":"2018-07-10T10:00:19","date_gmt":"2020-04-22T11:25:30","guid":{"rendered":"https:\/\/gifted-nightingale.82-223-11-116.plesk.page\/?post_type=product&#038;p=14630"},"modified":"2023-11-13T12:44:02","modified_gmt":"2023-11-13T11:44:02","slug":"table-gran-roma-haute","status":"publish","type":"product","link":"https:\/\/reyma-mobiliario.com\/fr\/productos\/table-gran-roma-haute\/","title":{"rendered":"Table  Gran Roma Haute 9145"},"content":{"rendered":"<p>Table haute en aluminium con\u00e7ue pour une utilisation int\u00e9rieure et ext\u00e9rieure. Il prend en charge tout type de plateau en raison de sa conception r\u00e9sistante et de diverses mesures, rondes et carr\u00e9es. Son design arrondi \u00e0 la base et sur la colonne lui donne un toucher lisse sans bords.<\/p>\n","protected":false},"excerpt":{"rendered":"<p><strong> Hauteur: <\/strong> 110 cm<\/p>\n<p><strong> Mat\u00e9riaux <\/strong>:<br \/>\nInt\u00e9rieur: pied en aluminium peint graphite, gris et blanc<br \/>\nExt\u00e9rieur: pied en aluminium<br \/>\nBase ronde 45cm \u00d8<\/p>\n<p>Plateaux: werzalit, compact.<\/p>\n<p><strong> Dimensions du plateaux: <\/strong><br \/>\n60\u00d8, 70\u00d8 et 60&#215;60<\/p>\n","protected":false},"featured_media":14641,"template":"","meta":[],"product_brand":[],"product_cat":[1106,1110],"product_tag":[1144,1151,1168,1169,1313,1166],"class_list":{"0":"post-14630","1":"product","2":"type-product","3":"status-publish","4":"has-post-thumbnail","6":"product_cat-exterieur","7":"product_cat-tables-dexterieur","8":"product_tag-aluminium","9":"product_tag-base-ronde","10":"product_tag-mobilier-dexterieur","11":"product_tag-mobilier-interieur","12":"product_tag-serie-roma-fr","13":"product_tag-tables-fr","15":"first","16":"instock","17":"shipping-taxable","18":"product-type-variable"},"aioseo_notices":[],"_links":{"self":[{"href":"https:\/\/reyma-mobiliario.com\/fr\/wp-json\/wp\/v2\/product\/14630","targetHints":{"allow":["GET"]}}],"collection":[{"href":"https:\/\/reyma-mobiliario.com\/fr\/wp-json\/wp\/v2\/product"}],"about":[{"href":"https:\/\/reyma-mobiliario.com\/fr\/wp-json\/wp\/v2\/types\/product"}],"wp:featuredmedia":[{"embeddable":true,"href":"https:\/\/reyma-mobiliario.com\/fr\/wp-json\/wp\/v2\/media\/14641"}],"wp:attachment":[{"href":"https:\/\/reyma-mobiliario.com\/fr\/wp-json\/wp\/v2\/media?parent=14630"}],"wp:term":[{"taxonomy":"product_brand","embeddable":true,"href":"https:\/\/reyma-mobiliario.com\/fr\/wp-json\/wp\/v2\/product_brand?post=14630"},{"taxonomy":"product_cat","embeddable":true,"href":"https:\/\/reyma-mobiliario.com\/fr\/wp-json\/wp\/v2\/product_cat?post=14630"},{"taxonomy":"product_tag","embeddable":true,"href":"https:\/\/reyma-mobiliario.com\/fr\/wp-json\/wp\/v2\/product_tag?post=14630"}],"curies":[{"name":"wp","href":"https:\/\/api.w.org\/{rel}","templated":true}]}}