{"id":14631,"date":"2024-01-05T10:00:57","date_gmt":"2020-04-22T11:28:45","guid":{"rendered":"https:\/\/gifted-nightingale.82-223-11-116.plesk.page\/?post_type=product&#038;p=14631"},"modified":"2025-03-04T17:53:43","modified_gmt":"2025-03-04T16:53:43","slug":"table-gran-roma-45","status":"publish","type":"product","link":"https:\/\/reyma-mobiliario.com\/fr\/productos\/table-gran-roma-45\/","title":{"rendered":"Table Gran Roma 45 9545"},"content":{"rendered":"<p>Table en aluminium con\u00e7ue pour une utilisation int\u00e9rieure et ext\u00e9rieure. Son design arrondi \u00e0 la base et sur la colonne lui donne un toucher lisse sans bords. Il prend en charge tout type de planche en raison de sa conception r\u00e9sistante et de diverses mesures, rondes et carr\u00e9es.<\/p>\n","protected":false},"excerpt":{"rendered":"<p><strong> Hauteur: <\/strong> 75 cm<\/p>\n<p><strong> Mat\u00e9riaux <\/strong>:<br \/>\nPied aluminium et en aluminium peint graphite, gris et blanc<br \/>\nBase ronde 45cm \u00d8<\/p>\n<p>Plateaux finition: Werzalit, compact et m\u00e9lamine*.<\/p>\n<p>M\u00e9lamine solo per l&rsquo;interieur.<\/p>\n<p><strong> Dimensions du plateaux: <\/strong><br \/>\n60\u00d8, 70\u00d8, 80\u00d8, 60&#215;60 et 70&#215;70<\/p>\n","protected":false},"featured_media":29296,"template":"","meta":[],"product_brand":[],"product_cat":[1106,1114,1110,1119],"product_tag":[1144,1151,1169,1313,1166],"class_list":{"0":"post-14631","1":"product","2":"type-product","3":"status-publish","4":"has-post-thumbnail","6":"product_cat-exterieur","7":"product_cat-interieur","8":"product_cat-tables-dexterieur","9":"product_cat-tables-dinterieur","10":"product_tag-aluminium","11":"product_tag-base-ronde","12":"product_tag-mobilier-interieur","13":"product_tag-serie-roma-fr","14":"product_tag-tables-fr","16":"first","17":"instock","18":"shipping-taxable","19":"product-type-simple"},"aioseo_notices":[],"_links":{"self":[{"href":"https:\/\/reyma-mobiliario.com\/fr\/wp-json\/wp\/v2\/product\/14631","targetHints":{"allow":["GET"]}}],"collection":[{"href":"https:\/\/reyma-mobiliario.com\/fr\/wp-json\/wp\/v2\/product"}],"about":[{"href":"https:\/\/reyma-mobiliario.com\/fr\/wp-json\/wp\/v2\/types\/product"}],"wp:featuredmedia":[{"embeddable":true,"href":"https:\/\/reyma-mobiliario.com\/fr\/wp-json\/wp\/v2\/media\/29296"}],"wp:attachment":[{"href":"https:\/\/reyma-mobiliario.com\/fr\/wp-json\/wp\/v2\/media?parent=14631"}],"wp:term":[{"taxonomy":"product_brand","embeddable":true,"href":"https:\/\/reyma-mobiliario.com\/fr\/wp-json\/wp\/v2\/product_brand?post=14631"},{"taxonomy":"product_cat","embeddable":true,"href":"https:\/\/reyma-mobiliario.com\/fr\/wp-json\/wp\/v2\/product_cat?post=14631"},{"taxonomy":"product_tag","embeddable":true,"href":"https:\/\/reyma-mobiliario.com\/fr\/wp-json\/wp\/v2\/product_tag?post=14631"}],"curies":[{"name":"wp","href":"https:\/\/api.w.org\/{rel}","templated":true}]}}