{"id":14656,"date":"2020-12-05T10:00:16","date_gmt":"2020-04-22T11:33:29","guid":{"rendered":"https:\/\/gifted-nightingale.82-223-11-116.plesk.page\/?post_type=product&#038;p=14656"},"modified":"2024-04-15T09:21:40","modified_gmt":"2024-04-15T07:21:40","slug":"table-pliage-oslo","status":"publish","type":"product","link":"https:\/\/reyma-mobiliario.com\/fr\/productos\/table-pliage-oslo\/","title":{"rendered":"Table Pliage Oslo 9777AB"},"content":{"rendered":"<p>Le<strong> syst\u00e8me de pliage<\/strong> permet aux tables d&rsquo;\u00eatre empil\u00e9es pour le stockage, occupant ainsi moins d&rsquo;espace. La table avec pied en aluminium disponible en deux couleurs convient pour l&rsquo;int\u00e9rieur et l&rsquo;ext\u00e9rieur. Son pied r\u00e9sistant lui permet d&rsquo;\u00eatre configur\u00e9 avec tout type de plateaux et dans diff\u00e9rentes tailles. Pour fournir une plus grande stabilit\u00e9, un contrepoids peut \u00eatre incorpor\u00e9.<\/p>\n","protected":false},"excerpt":{"rendered":"<p><strong> Hauteur: <\/strong> 75 cm<\/p>\n<p><strong> Mat\u00e9riaux <\/strong>:<br \/>\nPied en aluminium peint noir, gris ou graphite avec ou sans syst\u00e8me de pliage.<\/p>\n<p>Plateaux : Werzalit ou Compact<\/p>\n<p><strong> Dimensions du plateaux: <\/strong><br \/>\n60&#215;60, 70&#215;70, 80&#215;80<\/p>\n<div><\/div>\n<div><\/div>\n<div><\/div>\n<div><\/div>\n","protected":false},"featured_media":14666,"template":"","meta":[],"product_brand":[],"product_cat":[1106,1110],"product_tag":[1144,1168,1169,1138,1295,1779,1166],"class_list":{"0":"post-14656","1":"product","2":"type-product","3":"status-publish","4":"has-post-thumbnail","6":"product_cat-exterieur","7":"product_cat-tables-dexterieur","8":"product_tag-aluminium","9":"product_tag-mobilier-dexterieur","10":"product_tag-mobilier-interieur","11":"product_tag-pliable","12":"product_tag-serie-oslo-fr","13":"product_tag-systeme-de-pliage","14":"product_tag-tables-fr","16":"first","17":"instock","18":"shipping-taxable","19":"purchasable","20":"product-type-variable"},"aioseo_notices":[],"_links":{"self":[{"href":"https:\/\/reyma-mobiliario.com\/fr\/wp-json\/wp\/v2\/product\/14656","targetHints":{"allow":["GET"]}}],"collection":[{"href":"https:\/\/reyma-mobiliario.com\/fr\/wp-json\/wp\/v2\/product"}],"about":[{"href":"https:\/\/reyma-mobiliario.com\/fr\/wp-json\/wp\/v2\/types\/product"}],"wp:featuredmedia":[{"embeddable":true,"href":"https:\/\/reyma-mobiliario.com\/fr\/wp-json\/wp\/v2\/media\/14666"}],"wp:attachment":[{"href":"https:\/\/reyma-mobiliario.com\/fr\/wp-json\/wp\/v2\/media?parent=14656"}],"wp:term":[{"taxonomy":"product_brand","embeddable":true,"href":"https:\/\/reyma-mobiliario.com\/fr\/wp-json\/wp\/v2\/product_brand?post=14656"},{"taxonomy":"product_cat","embeddable":true,"href":"https:\/\/reyma-mobiliario.com\/fr\/wp-json\/wp\/v2\/product_cat?post=14656"},{"taxonomy":"product_tag","embeddable":true,"href":"https:\/\/reyma-mobiliario.com\/fr\/wp-json\/wp\/v2\/product_tag?post=14656"}],"curies":[{"name":"wp","href":"https:\/\/api.w.org\/{rel}","templated":true}]}}