{"id":14686,"date":"2017-01-05T10:00:47","date_gmt":"2020-04-22T11:37:32","guid":{"rendered":"https:\/\/gifted-nightingale.82-223-11-116.plesk.page\/?post_type=product&#038;p=14686"},"modified":"2022-05-10T17:49:45","modified_gmt":"2022-05-10T15:49:45","slug":"jardiniere","status":"publish","type":"product","link":"https:\/\/reyma-mobiliario.com\/fr\/productos\/jardiniere\/","title":{"rendered":"Jardini\u00e8re"},"content":{"rendered":"<p>Jardini\u00e8re avec structure en aluminium et pr\u00e9par\u00e9e pour une utilisation en ext\u00e9rieur. Recouvert de moelle tress\u00e9e et int\u00e9rieur creux pour pouvoir adapter la d\u00e9coration aux go\u00fbts et aux besoins du client.<\/p>\n","protected":false},"excerpt":{"rendered":"<p><strong> Poids: <\/strong> 5,40 kg<\/p>\n<p><strong> Mat\u00e9riaux <\/strong>:<br \/>\nStructure en aluminium avec osier moka.<\/p>\n<p><strong> Dimensions <\/strong>:<\/p>\n<p><img loading=\"lazy\" decoding=\"async\" class=\"alignnone size-full wp-image-11924\" src=\"https:\/\/reyma-mobiliario.com\/wp-content\/uploads\/2017\/08\/jardinera.jpg\" alt=\"Dimensions Jardini\u00e8re REYMA\" width=\"120\" height=\"120\" \/><\/p>\n","protected":false},"featured_media":14688,"template":"","meta":[],"product_brand":[],"product_cat":[1109,1106],"product_tag":[],"class_list":{"0":"post-14686","1":"product","2":"type-product","3":"status-publish","4":"has-post-thumbnail","6":"product_cat-complements-exterieurs","7":"product_cat-exterieur","9":"first","10":"instock","11":"shipping-taxable","12":"product-type-variable"},"aioseo_notices":[],"_links":{"self":[{"href":"https:\/\/reyma-mobiliario.com\/fr\/wp-json\/wp\/v2\/product\/14686","targetHints":{"allow":["GET"]}}],"collection":[{"href":"https:\/\/reyma-mobiliario.com\/fr\/wp-json\/wp\/v2\/product"}],"about":[{"href":"https:\/\/reyma-mobiliario.com\/fr\/wp-json\/wp\/v2\/types\/product"}],"wp:featuredmedia":[{"embeddable":true,"href":"https:\/\/reyma-mobiliario.com\/fr\/wp-json\/wp\/v2\/media\/14688"}],"wp:attachment":[{"href":"https:\/\/reyma-mobiliario.com\/fr\/wp-json\/wp\/v2\/media?parent=14686"}],"wp:term":[{"taxonomy":"product_brand","embeddable":true,"href":"https:\/\/reyma-mobiliario.com\/fr\/wp-json\/wp\/v2\/product_brand?post=14686"},{"taxonomy":"product_cat","embeddable":true,"href":"https:\/\/reyma-mobiliario.com\/fr\/wp-json\/wp\/v2\/product_cat?post=14686"},{"taxonomy":"product_tag","embeddable":true,"href":"https:\/\/reyma-mobiliario.com\/fr\/wp-json\/wp\/v2\/product_tag?post=14686"}],"curies":[{"name":"wp","href":"https:\/\/api.w.org\/{rel}","templated":true}]}}