{"id":14694,"date":"2020-04-11T10:00:12","date_gmt":"2020-04-22T11:55:37","guid":{"rendered":"https:\/\/gifted-nightingale.82-223-11-116.plesk.page\/?post_type=product&#038;p=14694"},"modified":"2021-04-12T16:15:57","modified_gmt":"2021-04-12T14:15:57","slug":"chair-orlando-nouveaux-sieges","status":"publish","type":"product","link":"https:\/\/reyma-mobiliario.com\/fr\/productos\/chair-orlando-nouveaux-sieges\/","title":{"rendered":"Chair Orlando"},"content":{"rendered":"<p>Chaise pour une hospitalit\u00e9 \u00e9l\u00e9gante, avec des lignes pures et simples. Parfait pour un environnement int\u00e9rieur noble. Il peut \u00eatre configur\u00e9 avec des si\u00e8ges rembourr\u00e9s ou en bois; et propose diff\u00e9rentes finitions de peinture sur le cadre.<\/p>\n<div><\/div>\n","protected":false},"excerpt":{"rendered":"<p><strong> Poids <\/strong>:<br \/>\navec assise rembourr\u00e9e: 6,60 kg<br \/>\navec assise en bois massif: 7 kg<br \/>\navec assise en bois lamell\u00e9: 6,40 kg<\/p>\n<p><strong> Mat\u00e9riaux <\/strong>:<br \/>\nCadre en acier peint: bois naturel blanc, bleu clair, graphite, noir ou d\u00e9co<\/p>\n<p>Si\u00e8ge:<br \/>\nBois massif<br \/>\nBois lamell\u00e9 ou lamin\u00e9: kenya, \u00e9b\u00e8ne, noyer vintage et ch\u00eane vintage<br \/>\nRev\u00eatement: blanc, cachemire, albero, marron, noir, rouge, indiana, panama, gris, vert, bleu ou moutarde.<\/p>\n<p><strong> Dimensions <\/strong>:<\/p>\n<p><img loading=\"lazy\" decoding=\"async\" class=\"alignnone size-full wp-image-11924\" src=\"https:\/\/reyma-mobiliario.com\/wp-content\/uploads\/2019\/10\/orlando-silla.jpg\" alt=\"Dimensions chair Orlando REYMA\" width=\"120\" height=\"120\" \/><\/p>\n<div><\/div>\n","protected":false},"featured_media":14699,"template":"","meta":[],"product_brand":[],"product_cat":[1121,1114],"product_tag":[1347,1169,1172,1171,1173,1174,1292],"class_list":{"0":"post-14694","1":"product","2":"type-product","3":"status-publish","4":"has-post-thumbnail","6":"product_cat-chaises-dinterieur","7":"product_cat-interieur","8":"product_tag-chaises","9":"product_tag-mobilier-interieur","10":"product_tag-nouvelles-2017","11":"product_tag-nouvelles-2018","12":"product_tag-nouvelles-2019","13":"product_tag-nouvelles-2020","14":"product_tag-serie-orlando-fr","16":"first","17":"instock","18":"shipping-taxable","19":"purchasable","20":"product-type-variable"},"aioseo_notices":[],"_links":{"self":[{"href":"https:\/\/reyma-mobiliario.com\/fr\/wp-json\/wp\/v2\/product\/14694","targetHints":{"allow":["GET"]}}],"collection":[{"href":"https:\/\/reyma-mobiliario.com\/fr\/wp-json\/wp\/v2\/product"}],"about":[{"href":"https:\/\/reyma-mobiliario.com\/fr\/wp-json\/wp\/v2\/types\/product"}],"wp:featuredmedia":[{"embeddable":true,"href":"https:\/\/reyma-mobiliario.com\/fr\/wp-json\/wp\/v2\/media\/14699"}],"wp:attachment":[{"href":"https:\/\/reyma-mobiliario.com\/fr\/wp-json\/wp\/v2\/media?parent=14694"}],"wp:term":[{"taxonomy":"product_brand","embeddable":true,"href":"https:\/\/reyma-mobiliario.com\/fr\/wp-json\/wp\/v2\/product_brand?post=14694"},{"taxonomy":"product_cat","embeddable":true,"href":"https:\/\/reyma-mobiliario.com\/fr\/wp-json\/wp\/v2\/product_cat?post=14694"},{"taxonomy":"product_tag","embeddable":true,"href":"https:\/\/reyma-mobiliario.com\/fr\/wp-json\/wp\/v2\/product_tag?post=14694"}],"curies":[{"name":"wp","href":"https:\/\/api.w.org\/{rel}","templated":true}]}}