{"id":14747,"date":"2020-06-09T10:00:01","date_gmt":"2020-04-22T11:59:30","guid":{"rendered":"https:\/\/gifted-nightingale.82-223-11-116.plesk.page\/?post_type=product&#038;p=14747"},"modified":"2023-11-10T11:47:57","modified_gmt":"2023-11-10T10:47:57","slug":"table-hamburgo","status":"publish","type":"product","link":"https:\/\/reyma-mobiliario.com\/fr\/productos\/table-hamburgo\/","title":{"rendered":"Table Hamburgo 8003"},"content":{"rendered":"<p>Table classique en fonte tr\u00e8s r\u00e9sistante. Cr\u00e9\u00e9 pour se combiner avec tout type de planche en raison de sa r\u00e9sistance et con\u00e7u pour une utilisation en int\u00e9rieur.<\/p>\n","protected":false},"excerpt":{"rendered":"<p><strong> Hauteur <\/strong>: 75 cm<\/p>\n<p><strong> Mat\u00e9riaux <\/strong>:<br \/>\nPieds en fonte.<\/p>\n<p>Plateaux finition Werzalit, Compact et m\u00e9lamine.<\/p>\n<p><strong> Dimensions du plateaux: <\/strong><br \/>\n\u00d860, \u00d870.<\/p>\n","protected":false},"featured_media":22662,"template":"","meta":[],"product_brand":[],"product_cat":[1114,1119],"product_tag":[1347,1169,1207],"class_list":{"0":"post-14747","1":"product","2":"type-product","3":"status-publish","4":"has-post-thumbnail","6":"product_cat-interieur","7":"product_cat-tables-dinterieur","8":"product_tag-chaises","9":"product_tag-mobilier-interieur","10":"product_tag-serie-boston-fr","12":"first","13":"instock","14":"shipping-taxable","15":"product-type-simple"},"aioseo_notices":[],"_links":{"self":[{"href":"https:\/\/reyma-mobiliario.com\/fr\/wp-json\/wp\/v2\/product\/14747","targetHints":{"allow":["GET"]}}],"collection":[{"href":"https:\/\/reyma-mobiliario.com\/fr\/wp-json\/wp\/v2\/product"}],"about":[{"href":"https:\/\/reyma-mobiliario.com\/fr\/wp-json\/wp\/v2\/types\/product"}],"wp:featuredmedia":[{"embeddable":true,"href":"https:\/\/reyma-mobiliario.com\/fr\/wp-json\/wp\/v2\/media\/22662"}],"wp:attachment":[{"href":"https:\/\/reyma-mobiliario.com\/fr\/wp-json\/wp\/v2\/media?parent=14747"}],"wp:term":[{"taxonomy":"product_brand","embeddable":true,"href":"https:\/\/reyma-mobiliario.com\/fr\/wp-json\/wp\/v2\/product_brand?post=14747"},{"taxonomy":"product_cat","embeddable":true,"href":"https:\/\/reyma-mobiliario.com\/fr\/wp-json\/wp\/v2\/product_cat?post=14747"},{"taxonomy":"product_tag","embeddable":true,"href":"https:\/\/reyma-mobiliario.com\/fr\/wp-json\/wp\/v2\/product_tag?post=14747"}],"curies":[{"name":"wp","href":"https:\/\/api.w.org\/{rel}","templated":true}]}}