{"id":14760,"date":"2016-05-12T10:00:44","date_gmt":"2020-04-22T12:04:39","guid":{"rendered":"https:\/\/gifted-nightingale.82-223-11-116.plesk.page\/?post_type=product&#038;p=14760"},"modified":"2023-11-13T09:10:40","modified_gmt":"2023-11-13T08:10:40","slug":"table-opera42","status":"publish","type":"product","link":"https:\/\/reyma-mobiliario.com\/fr\/productos\/table-opera42\/","title":{"rendered":"Table \u00d3pera42 4150T \/ 4550T"},"content":{"rendered":"<p>Table en fonte et sp\u00e9ciale pour l&rsquo;int\u00e9rieur. Sa base ronde de 42 cm de diam\u00e8tre est associ\u00e9e \u00e0 une colonne en fonte qui lui donne un grand style. Sa grande r\u00e9sistance rend ce pied adapt\u00e9 \u00e0 tout type de mat\u00e9riau de plateaux.<\/p>\n<div><\/div>\n","protected":false},"excerpt":{"rendered":"<p><strong> Hauteur: <\/strong> 75 cm<\/p>\n<p><strong> Mat\u00e9riaux <\/strong>:<br \/>\nPied de coul\u00e9e en fer base ronde 42 cm \u00d8<br \/>\nColonne en fonte tourn\u00e9<\/p>\n<p>plateaux: finition Werzalit, compact et m\u00e9lamine.<\/p>\n<p><strong> Dimensions du plateaux: <\/strong><br \/>\n60\u00d8, 70\u00d8, 80\u00d8, 60&#215;60 et 70&#215;70<\/p>\n<div><\/div>\n","protected":false},"featured_media":17501,"template":"","meta":[],"product_brand":[],"product_cat":[1114,1119],"product_tag":[1151,1162,1169,1173,1802,1166],"class_list":{"0":"post-14760","1":"product","2":"type-product","3":"status-publish","4":"has-post-thumbnail","6":"product_cat-interieur","7":"product_cat-tables-dinterieur","8":"product_tag-base-ronde","9":"product_tag-fonte","10":"product_tag-mobilier-interieur","11":"product_tag-nouvelles-2019","12":"product_tag-serie-opera-fr","13":"product_tag-tables-fr","15":"first","16":"instock","17":"shipping-taxable","18":"product-type-simple"},"aioseo_notices":[],"_links":{"self":[{"href":"https:\/\/reyma-mobiliario.com\/fr\/wp-json\/wp\/v2\/product\/14760","targetHints":{"allow":["GET"]}}],"collection":[{"href":"https:\/\/reyma-mobiliario.com\/fr\/wp-json\/wp\/v2\/product"}],"about":[{"href":"https:\/\/reyma-mobiliario.com\/fr\/wp-json\/wp\/v2\/types\/product"}],"wp:featuredmedia":[{"embeddable":true,"href":"https:\/\/reyma-mobiliario.com\/fr\/wp-json\/wp\/v2\/media\/17501"}],"wp:attachment":[{"href":"https:\/\/reyma-mobiliario.com\/fr\/wp-json\/wp\/v2\/media?parent=14760"}],"wp:term":[{"taxonomy":"product_brand","embeddable":true,"href":"https:\/\/reyma-mobiliario.com\/fr\/wp-json\/wp\/v2\/product_brand?post=14760"},{"taxonomy":"product_cat","embeddable":true,"href":"https:\/\/reyma-mobiliario.com\/fr\/wp-json\/wp\/v2\/product_cat?post=14760"},{"taxonomy":"product_tag","embeddable":true,"href":"https:\/\/reyma-mobiliario.com\/fr\/wp-json\/wp\/v2\/product_tag?post=14760"}],"curies":[{"name":"wp","href":"https:\/\/api.w.org\/{rel}","templated":true}]}}