{"id":14790,"date":"2020-06-07T10:00:05","date_gmt":"2020-06-07T08:00:05","guid":{"rendered":"https:\/\/gifted-nightingale.82-223-11-116.plesk.page\/?post_type=product&#038;p=14790"},"modified":"2026-03-04T12:33:40","modified_gmt":"2026-03-04T11:33:40","slug":"chaise-portico-in","status":"publish","type":"product","link":"https:\/\/reyma-mobiliario.com\/fr\/productos\/chaise-portico-in\/","title":{"rendered":"Chaise P\u00f3rtico IN"},"content":{"rendered":"<p>Chaise en aluminium peinte en diff\u00e9rentes couleurs et adapt\u00e9e \u00e0 l&rsquo;int\u00e9rieur et aussi \u00e0 l&rsquo;ext\u00e9rieur. Disponible avec diff\u00e9rents si\u00e8ges.<\/p>\n","protected":false},"excerpt":{"rendered":"<p><strong> Poids <\/strong>:<br \/>\navec assise rembourr\u00e9e: 4,60 kg<br \/>\navec assise stratifi\u00e9e: 4,45 Kg<br \/>\navec assise en bois massif: 4,80 kg<\/p>\n<p><strong> Mat\u00e9riaux <\/strong>:<br \/>\nStructure en aluminium peint: graphite, noir, d\u00e9co ch\u00eane naturel, d\u00e9co noyer ou bambou.<br \/>\nSi\u00e8ge:<br \/>\nRembourrage: <a href=\"https:\/\/reyma-mobiliario.com\/fr\/categorie-produit\/finitions\/tapisse\/\" target=\"_blank\" rel=\"noopener\">P.U. ou FABRIC<\/a><br \/>\nBois massif (exclusif pour usage int\u00e9rieur)<br \/>\nStratifi\u00e9: Ch\u00eane Vintage ou Noyer Vintage (usage int\u00e9rieur)<\/p>\n<p><strong> Dimensions <\/strong>:<\/p>\n<p><img loading=\"lazy\" decoding=\"async\" class=\"alignnone size-full wp-image-11924\" src=\"https:\/\/reyma-mobiliario.com\/wp-content\/uploads\/2025\/03\/2025-portico-silla.jpg\" alt=\"Dimensions chaise Portico REYMA\" width=\"120\" height=\"120\" \/><\/p>\n","protected":false},"featured_media":33393,"template":"","meta":[],"product_brand":[],"product_cat":[1121,2098,1114],"product_tag":[1347,1360,1169,1173,1311],"class_list":{"0":"post-14790","1":"product","2":"type-product","3":"status-publish","4":"has-post-thumbnail","6":"product_cat-chaises-dinterieur","7":"product_cat-chaises-en-metal","8":"product_cat-interieur","9":"product_tag-chaises","10":"product_tag-chaises-dinterieur","11":"product_tag-mobilier-interieur","12":"product_tag-nouvelles-2019","13":"product_tag-serie-portico-fr","15":"first","16":"instock","17":"shipping-taxable","18":"purchasable","19":"product-type-variable"},"aioseo_notices":[],"_links":{"self":[{"href":"https:\/\/reyma-mobiliario.com\/fr\/wp-json\/wp\/v2\/product\/14790","targetHints":{"allow":["GET"]}}],"collection":[{"href":"https:\/\/reyma-mobiliario.com\/fr\/wp-json\/wp\/v2\/product"}],"about":[{"href":"https:\/\/reyma-mobiliario.com\/fr\/wp-json\/wp\/v2\/types\/product"}],"wp:featuredmedia":[{"embeddable":true,"href":"https:\/\/reyma-mobiliario.com\/fr\/wp-json\/wp\/v2\/media\/33393"}],"wp:attachment":[{"href":"https:\/\/reyma-mobiliario.com\/fr\/wp-json\/wp\/v2\/media?parent=14790"}],"wp:term":[{"taxonomy":"product_brand","embeddable":true,"href":"https:\/\/reyma-mobiliario.com\/fr\/wp-json\/wp\/v2\/product_brand?post=14790"},{"taxonomy":"product_cat","embeddable":true,"href":"https:\/\/reyma-mobiliario.com\/fr\/wp-json\/wp\/v2\/product_cat?post=14790"},{"taxonomy":"product_tag","embeddable":true,"href":"https:\/\/reyma-mobiliario.com\/fr\/wp-json\/wp\/v2\/product_tag?post=14790"}],"curies":[{"name":"wp","href":"https:\/\/api.w.org\/{rel}","templated":true}]}}