{"id":14818,"date":"2020-05-02T10:00:59","date_gmt":"2020-04-23T07:49:11","guid":{"rendered":"https:\/\/gifted-nightingale.82-223-11-116.plesk.page\/?post_type=product&#038;p=14818"},"modified":"2025-07-09T12:03:47","modified_gmt":"2025-07-09T10:03:47","slug":"table-michigan","status":"publish","type":"product","link":"https:\/\/reyma-mobiliario.com\/fr\/productos\/table-michigan\/","title":{"rendered":"Table M\u00edchigan 4970 \/ 4975"},"content":{"rendered":"<p>Table dans le plus pur style industriel avec une colonne centrale et un pied en \u00ab\u00a0x\u00a0\u00bb. Fabriqu\u00e9 en acier peint en noir, il peut \u00eatre accompagn\u00e9 de n&rsquo;importe quelle finition de planche et prend en charge diverses mesures. C&rsquo;est une table tr\u00e8s adaptable \u00e0 tout environnement int\u00e9rieur.<\/p>\n","protected":false},"excerpt":{"rendered":"<p><strong> Hauteur: <\/strong> 75 cm<\/p>\n<p><strong> Mat\u00e9riaux <\/strong>:<br \/>\nPieds en acier peint en noir<\/p>\n<p>Plateaux finition Werzalit, Compact et m\u00e9lamine.<\/p>\n<p><strong> Dimensions du plateaux: <\/strong><br \/>\n\u00d860, \u00d870, \u00d880<br \/>\n60&#215;60, 70&#215;70, 80&#215;80, 90&#215;90,<br \/>\n100&#215;60, 110&#215;70 y 120&#215;80<\/p>\n<div><\/div>\n","protected":false},"featured_media":29029,"template":"","meta":[],"product_brand":[],"product_cat":[1114,1119],"product_tag":[1142,1169,1172,1280,1166],"class_list":{"0":"post-14818","1":"product","2":"type-product","3":"status-publish","4":"has-post-thumbnail","6":"product_cat-interieur","7":"product_cat-tables-dinterieur","8":"product_tag-acier","9":"product_tag-mobilier-interieur","10":"product_tag-nouvelles-2017","11":"product_tag-serie-michigan-fr","12":"product_tag-tables-fr","14":"first","15":"instock","16":"shipping-taxable","17":"purchasable","18":"product-type-variable"},"aioseo_notices":[],"_links":{"self":[{"href":"https:\/\/reyma-mobiliario.com\/fr\/wp-json\/wp\/v2\/product\/14818","targetHints":{"allow":["GET"]}}],"collection":[{"href":"https:\/\/reyma-mobiliario.com\/fr\/wp-json\/wp\/v2\/product"}],"about":[{"href":"https:\/\/reyma-mobiliario.com\/fr\/wp-json\/wp\/v2\/types\/product"}],"wp:featuredmedia":[{"embeddable":true,"href":"https:\/\/reyma-mobiliario.com\/fr\/wp-json\/wp\/v2\/media\/29029"}],"wp:attachment":[{"href":"https:\/\/reyma-mobiliario.com\/fr\/wp-json\/wp\/v2\/media?parent=14818"}],"wp:term":[{"taxonomy":"product_brand","embeddable":true,"href":"https:\/\/reyma-mobiliario.com\/fr\/wp-json\/wp\/v2\/product_brand?post=14818"},{"taxonomy":"product_cat","embeddable":true,"href":"https:\/\/reyma-mobiliario.com\/fr\/wp-json\/wp\/v2\/product_cat?post=14818"},{"taxonomy":"product_tag","embeddable":true,"href":"https:\/\/reyma-mobiliario.com\/fr\/wp-json\/wp\/v2\/product_tag?post=14818"}],"curies":[{"name":"wp","href":"https:\/\/api.w.org\/{rel}","templated":true}]}}