{"id":14857,"date":"2020-04-06T10:00:43","date_gmt":"2020-04-23T08:14:00","guid":{"rendered":"https:\/\/gifted-nightingale.82-223-11-116.plesk.page\/?post_type=product&#038;p=14857"},"modified":"2022-05-18T12:06:01","modified_gmt":"2022-05-18T10:06:01","slug":"chaise-picasso","status":"publish","type":"product","link":"https:\/\/reyma-mobiliario.com\/fr\/productos\/chaise-picasso\/","title":{"rendered":"Chaise Picasso"},"content":{"rendered":"<p>Chaise pour usage int\u00e9rieur avec coque en plastique. Il permet diff\u00e9rentes couleurs de logement et la possibilit\u00e9 de deux mod\u00e8les de plancher avec diff\u00e9rentes finitions.<\/p>\n","protected":false},"excerpt":{"rendered":"<p><strong> Poids <\/strong>:<br \/>\nPied X-4: 5,35 kg<br \/>\nPied P-4: 4,55 kg<\/p>\n<p><strong> Mat\u00e9riaux <\/strong>:<br \/>\nCoque en plastique: blanc, noir, rouge, caramel, gris et cachemire<br \/>\nPied en acier peint X4: D\u00e9co bois noir et naturel et d\u00e9co bois weng\u00e9.<br \/>\nPied en aluminium peint X4: gris et blanc.<br \/>\nPied P4 en acier peint: d\u00e9co bois noir et naturel.<\/p>\n<p><strong>Assemblage\u00a0:<\/strong><br \/>\nBesoin d&rsquo;assemblage.<br \/>\nAssise + Pied<\/p>\n<p><strong> Dimensions <\/strong>:<br \/>\n<img loading=\"lazy\" decoding=\"async\" class=\"alignnone size-full wp-image-11924\" src=\"https:\/\/reyma-mobiliario.com\/wp-content\/uploads\/2018\/12\/picasso-p4-silla.jpg\" alt=\"Dimensions chaise Picasso P-4 REYMA\" width=\"120\" height=\"120\" \/><img loading=\"lazy\" decoding=\"async\" class=\"alignnone size-full wp-image-11924\" src=\"https:\/\/reyma-mobiliario.com\/wp-content\/uploads\/2018\/12\/picasso-x4-silla.jpg\" alt=\"Dimensions chaise Picasso X-4 REYMA\" width=\"120\" height=\"120\" \/><\/p>\n","protected":false},"featured_media":14876,"template":"","meta":[],"product_brand":[],"product_cat":[1121,1114],"product_tag":[1347,1169,1171,1304],"class_list":{"0":"post-14857","1":"product","2":"type-product","3":"status-publish","4":"has-post-thumbnail","6":"product_cat-chaises-dinterieur","7":"product_cat-interieur","8":"product_tag-chaises","9":"product_tag-mobilier-interieur","10":"product_tag-nouvelles-2018","11":"product_tag-serie-picasso-fr","13":"first","14":"instock","15":"shipping-taxable","16":"purchasable","17":"product-type-variable"},"aioseo_notices":[],"_links":{"self":[{"href":"https:\/\/reyma-mobiliario.com\/fr\/wp-json\/wp\/v2\/product\/14857","targetHints":{"allow":["GET"]}}],"collection":[{"href":"https:\/\/reyma-mobiliario.com\/fr\/wp-json\/wp\/v2\/product"}],"about":[{"href":"https:\/\/reyma-mobiliario.com\/fr\/wp-json\/wp\/v2\/types\/product"}],"wp:featuredmedia":[{"embeddable":true,"href":"https:\/\/reyma-mobiliario.com\/fr\/wp-json\/wp\/v2\/media\/14876"}],"wp:attachment":[{"href":"https:\/\/reyma-mobiliario.com\/fr\/wp-json\/wp\/v2\/media?parent=14857"}],"wp:term":[{"taxonomy":"product_brand","embeddable":true,"href":"https:\/\/reyma-mobiliario.com\/fr\/wp-json\/wp\/v2\/product_brand?post=14857"},{"taxonomy":"product_cat","embeddable":true,"href":"https:\/\/reyma-mobiliario.com\/fr\/wp-json\/wp\/v2\/product_cat?post=14857"},{"taxonomy":"product_tag","embeddable":true,"href":"https:\/\/reyma-mobiliario.com\/fr\/wp-json\/wp\/v2\/product_tag?post=14857"}],"curies":[{"name":"wp","href":"https:\/\/api.w.org\/{rel}","templated":true}]}}