{"id":14895,"date":"2016-04-09T10:00:17","date_gmt":"2020-04-23T09:10:55","guid":{"rendered":"https:\/\/gifted-nightingale.82-223-11-116.plesk.page\/?post_type=product&#038;p=14895"},"modified":"2025-07-10T09:31:12","modified_gmt":"2025-07-10T07:31:12","slug":"table-parisino","status":"publish","type":"product","link":"https:\/\/reyma-mobiliario.com\/fr\/productos\/table-parisino\/","title":{"rendered":"Table Parisino 502"},"content":{"rendered":"<p>Table dans le plus pur style parisien avec pied en fonte. Cr\u00e9\u00e9 pour une utilisation en int\u00e9rieur, il peut \u00eatre utilis\u00e9 sur des terrasses ferm\u00e9es et acclimat\u00e9es. La nouveaut\u00e9 des planches avec anneau en laiton donne une touche plus \u00e9l\u00e9gante.<\/p>\n","protected":false},"excerpt":{"rendered":"<p><strong> Hauteur: <\/strong> 75 cm<\/p>\n<p><strong> Mat\u00e9riaux <\/strong>:<br \/>\nPied en fonte<br \/>\n* Convient aux terrasses couvertes et conditionn\u00e9es, pas \u00e0 l&rsquo;ext\u00e9rieur.<\/p>\n<p>Dessus: Werzalit cercle en laiton, Werzalit, compact et m\u00e9lamin\u00e9.<\/p>\n<p><strong> Dimensions du plateaux: <\/strong><br \/>\n60\u00d8 et 70\u00d8<\/p>\n<div><\/div>\n<div><\/div>\n<div><\/div>\n","protected":false},"featured_media":14896,"template":"","meta":[],"product_brand":[],"product_cat":[1114,1119],"product_tag":[1162,1169,1300,1166],"class_list":{"0":"post-14895","1":"product","2":"type-product","3":"status-publish","4":"has-post-thumbnail","6":"product_cat-interieur","7":"product_cat-tables-dinterieur","8":"product_tag-fonte","9":"product_tag-mobilier-interieur","10":"product_tag-serie-parisino-fr","11":"product_tag-tables-fr","13":"first","14":"instock","15":"shipping-taxable","16":"product-type-simple"},"aioseo_notices":[],"_links":{"self":[{"href":"https:\/\/reyma-mobiliario.com\/fr\/wp-json\/wp\/v2\/product\/14895","targetHints":{"allow":["GET"]}}],"collection":[{"href":"https:\/\/reyma-mobiliario.com\/fr\/wp-json\/wp\/v2\/product"}],"about":[{"href":"https:\/\/reyma-mobiliario.com\/fr\/wp-json\/wp\/v2\/types\/product"}],"wp:featuredmedia":[{"embeddable":true,"href":"https:\/\/reyma-mobiliario.com\/fr\/wp-json\/wp\/v2\/media\/14896"}],"wp:attachment":[{"href":"https:\/\/reyma-mobiliario.com\/fr\/wp-json\/wp\/v2\/media?parent=14895"}],"wp:term":[{"taxonomy":"product_brand","embeddable":true,"href":"https:\/\/reyma-mobiliario.com\/fr\/wp-json\/wp\/v2\/product_brand?post=14895"},{"taxonomy":"product_cat","embeddable":true,"href":"https:\/\/reyma-mobiliario.com\/fr\/wp-json\/wp\/v2\/product_cat?post=14895"},{"taxonomy":"product_tag","embeddable":true,"href":"https:\/\/reyma-mobiliario.com\/fr\/wp-json\/wp\/v2\/product_tag?post=14895"}],"curies":[{"name":"wp","href":"https:\/\/api.w.org\/{rel}","templated":true}]}}