{"id":14906,"date":"2019-11-04T10:00:11","date_gmt":"2019-11-04T09:00:11","guid":{"rendered":"https:\/\/gifted-nightingale.82-223-11-116.plesk.page\/?post_type=product&#038;p=14906"},"modified":"2025-11-10T13:10:24","modified_gmt":"2025-11-10T12:10:24","slug":"fauteuil-picasso","status":"publish","type":"product","link":"https:\/\/reyma-mobiliario.com\/fr\/productos\/fauteuil-picasso\/","title":{"rendered":"Fauteuil Picasso"},"content":{"rendered":"<p>Fauteuil avec une coque en plastique, r\u00e9sistant et facile \u00e0 nettoyer et \u00e0 entretenir. Il offre une grande polyvalence pour les environnements int\u00e9rieurs. Vous avez la possibilit\u00e9 de le combiner avec les chaises et tabourets de la m\u00eame s\u00e9rie.<\/p>\n","protected":false},"excerpt":{"rendered":"<p><strong> Poids <\/strong>:<br \/>\nPied X-4: 6 kg<br \/>\nPied P-4: 5,05 kg<\/p>\n<p><strong> Mat\u00e9riaux <\/strong>:<br \/>\nCoque en plastique: noir, rouge, caramel et cachemire<br \/>\nPied en acier peint X4: D\u00e9co bois noir et naturel et d\u00e9co bois weng\u00e9.<br \/>\nPied en aluminium peint X4: gris et blanc.<br \/>\nPied P4 en acier peint: d\u00e9co bois noir et naturel.<\/p>\n<p><strong>Assemblage\u00a0:<\/strong><br \/>\nBesoin d&rsquo;assemblage.<br \/>\nAssise + Pied<\/p>\n<p><strong> Dimensions <\/strong>:<br \/>\n<img loading=\"lazy\" decoding=\"async\" class=\"alignnone size-full wp-image-11924\" src=\"https:\/\/reyma-mobiliario.com\/wp-content\/uploads\/2018\/12\/picasso-p4-sillon.jpg\" alt=\"Dimensions fauteuil Picasso P-4 REYMA\" width=\"120\" height=\"120\" \/><img loading=\"lazy\" decoding=\"async\" class=\"alignnone size-full wp-image-11924\" src=\"https:\/\/reyma-mobiliario.com\/wp-content\/uploads\/2018\/12\/picasso-x4-sillon.jpg\" alt=\"Dimensions fauteuil Picasso X-4 REYMA\" width=\"120\" height=\"120\" \/><\/p>\n","protected":false},"featured_media":14909,"template":"","meta":[],"product_brand":[],"product_cat":[1124,1114],"product_tag":[1362,1169,1171,1304],"class_list":{"0":"post-14906","1":"product","2":"type-product","3":"status-publish","4":"has-post-thumbnail","6":"product_cat-fauteuils-dinterieur-fr","7":"product_cat-interieur","8":"product_tag-fauteuil","9":"product_tag-mobilier-interieur","10":"product_tag-nouvelles-2018","11":"product_tag-serie-picasso-fr","13":"first","14":"instock","15":"shipping-taxable","16":"purchasable","17":"product-type-variable"},"aioseo_notices":[],"_links":{"self":[{"href":"https:\/\/reyma-mobiliario.com\/fr\/wp-json\/wp\/v2\/product\/14906","targetHints":{"allow":["GET"]}}],"collection":[{"href":"https:\/\/reyma-mobiliario.com\/fr\/wp-json\/wp\/v2\/product"}],"about":[{"href":"https:\/\/reyma-mobiliario.com\/fr\/wp-json\/wp\/v2\/types\/product"}],"wp:featuredmedia":[{"embeddable":true,"href":"https:\/\/reyma-mobiliario.com\/fr\/wp-json\/wp\/v2\/media\/14909"}],"wp:attachment":[{"href":"https:\/\/reyma-mobiliario.com\/fr\/wp-json\/wp\/v2\/media?parent=14906"}],"wp:term":[{"taxonomy":"product_brand","embeddable":true,"href":"https:\/\/reyma-mobiliario.com\/fr\/wp-json\/wp\/v2\/product_brand?post=14906"},{"taxonomy":"product_cat","embeddable":true,"href":"https:\/\/reyma-mobiliario.com\/fr\/wp-json\/wp\/v2\/product_cat?post=14906"},{"taxonomy":"product_tag","embeddable":true,"href":"https:\/\/reyma-mobiliario.com\/fr\/wp-json\/wp\/v2\/product_tag?post=14906"}],"curies":[{"name":"wp","href":"https:\/\/api.w.org\/{rel}","templated":true}]}}