{"id":14963,"date":"2019-11-06T10:00:43","date_gmt":"2020-04-23T11:39:23","guid":{"rendered":"https:\/\/gifted-nightingale.82-223-11-116.plesk.page\/?post_type=product&#038;p=14963"},"modified":"2022-05-17T15:45:28","modified_gmt":"2022-05-17T13:45:28","slug":"canape-alfa-80","status":"publish","type":"product","link":"https:\/\/reyma-mobiliario.com\/fr\/productos\/canape-alfa-80\/","title":{"rendered":"Canape Alfa 80"},"content":{"rendered":"<p>Canap\u00e9 avec des bases en acier qui offrent un grand soutien et r\u00e9sistance. Peut \u00eatre combin\u00e9 avec sa version plus grande de 120 cm. Cr\u00e9\u00e9 pour une utilisation en int\u00e9rieur fabriqu\u00e9 en P.U. et disponible en diff\u00e9rentes couleurs.<\/p>\n","protected":false},"excerpt":{"rendered":"<p><strong>Peso<\/strong>: 21,70 kg<\/p>\n<p><strong>Materiales<\/strong>:<br \/>\nBase de acero y acero pintado negro.<br \/>\nTapizado P.U: Blanco, kashmir, marr\u00f3n, negro, albero y rojo<\/p>\n<p><strong>Assemblage\u00a0:<\/strong><br \/>\nBesoin d&rsquo;assemblage.<br \/>\nAssise + Pied<\/p>\n<p><strong>Dimensiones<\/strong>:<br \/>\n<img loading=\"lazy\" decoding=\"async\" class=\"alignnone size-full wp-image-11924\" src=\"https:\/\/reyma-mobiliario.com\/wp-content\/uploads\/2017\/10\/alfa-80.jpg\" alt=\"Dimensions canape Alfa 80 REYMA\" width=\"120\" height=\"120\" \/><\/p>\n","protected":false},"featured_media":14964,"template":"","meta":[],"product_brand":[],"product_cat":[1122,1114],"product_tag":[1350,1169,1185],"class_list":{"0":"post-14963","1":"product","2":"type-product","3":"status-publish","4":"has-post-thumbnail","6":"product_cat-canapes-dinterieur","7":"product_cat-interieur","8":"product_tag-canape","9":"product_tag-mobilier-interieur","10":"product_tag-serie-alfa-fr","12":"first","13":"instock","14":"shipping-taxable","15":"purchasable","16":"product-type-variable"},"aioseo_notices":[],"_links":{"self":[{"href":"https:\/\/reyma-mobiliario.com\/fr\/wp-json\/wp\/v2\/product\/14963","targetHints":{"allow":["GET"]}}],"collection":[{"href":"https:\/\/reyma-mobiliario.com\/fr\/wp-json\/wp\/v2\/product"}],"about":[{"href":"https:\/\/reyma-mobiliario.com\/fr\/wp-json\/wp\/v2\/types\/product"}],"wp:featuredmedia":[{"embeddable":true,"href":"https:\/\/reyma-mobiliario.com\/fr\/wp-json\/wp\/v2\/media\/14964"}],"wp:attachment":[{"href":"https:\/\/reyma-mobiliario.com\/fr\/wp-json\/wp\/v2\/media?parent=14963"}],"wp:term":[{"taxonomy":"product_brand","embeddable":true,"href":"https:\/\/reyma-mobiliario.com\/fr\/wp-json\/wp\/v2\/product_brand?post=14963"},{"taxonomy":"product_cat","embeddable":true,"href":"https:\/\/reyma-mobiliario.com\/fr\/wp-json\/wp\/v2\/product_cat?post=14963"},{"taxonomy":"product_tag","embeddable":true,"href":"https:\/\/reyma-mobiliario.com\/fr\/wp-json\/wp\/v2\/product_tag?post=14963"}],"curies":[{"name":"wp","href":"https:\/\/api.w.org\/{rel}","templated":true}]}}