{"id":14982,"date":"2020-04-12T10:00:50","date_gmt":"2020-04-12T08:00:50","guid":{"rendered":"https:\/\/gifted-nightingale.82-223-11-116.plesk.page\/?post_type=product&#038;p=14982"},"modified":"2026-03-04T14:44:52","modified_gmt":"2026-03-04T13:44:52","slug":"table-kolonia-rounde","status":"publish","type":"product","link":"https:\/\/reyma-mobiliario.com\/fr\/productos\/table-kolonia-rounde\/","title":{"rendered":"Table Kolonia base \u00d8"},"content":{"rendered":"<p>Table au style simple avec une colonne arrondie. Pied en acier robuste, id\u00e9al pour les environnements int\u00e9rieurs.<\/p>\n","protected":false},"excerpt":{"rendered":"<p><strong>Hauteur :<\/strong> 75 ou 110 cm<\/p>\n<p><strong>Mat\u00e9riaux :<\/strong><br \/>\nPied en acier peint en blanc ou en noir avec une colonne ronde.<br \/>\nBase avec deux colonnes uniquement disponible en noir.<br \/>\nPlateau : <a href=\"https:\/\/reyma-mobiliario.com\/categoria-producto\/tableros\/werzalit\/\" target=\"_blank\" rel=\"noopener\">Werzalit<\/a>, <a href=\"https:\/\/reyma-mobiliario.com\/categoria-producto\/tableros\/compact\/\" target=\"_blank\" rel=\"noopener\">Compact<\/a> ou <a href=\"https:\/\/reyma-mobiliario.com\/categoria-producto\/tableros\/melamina\/\" target=\"_blank\" rel=\"noopener\">M\u00e9lamine<\/a>.<\/p>\n<p><strong>Dimensions du plateau :<\/strong><br \/>\n\u00d860, \u00d870, \u00d880, 60&#215;60, 70&#215;70, 80&#215;80, 90&#215;90, 100&#215;60, 110&#215;70 et 120&#215;80.<\/p>\n","protected":false},"featured_media":33917,"template":"","meta":[],"product_brand":[],"product_cat":[1114,1119],"product_tag":[1169,1171,1257,1166],"class_list":{"0":"post-14982","1":"product","2":"type-product","3":"status-publish","4":"has-post-thumbnail","6":"product_cat-interieur","7":"product_cat-tables-dinterieur","8":"product_tag-mobilier-interieur","9":"product_tag-nouvelles-2018","10":"product_tag-serie-kolonia-fr","11":"product_tag-tables-fr","13":"first","14":"instock","15":"shipping-taxable","16":"purchasable","17":"product-type-variable"},"aioseo_notices":[],"_links":{"self":[{"href":"https:\/\/reyma-mobiliario.com\/fr\/wp-json\/wp\/v2\/product\/14982","targetHints":{"allow":["GET"]}}],"collection":[{"href":"https:\/\/reyma-mobiliario.com\/fr\/wp-json\/wp\/v2\/product"}],"about":[{"href":"https:\/\/reyma-mobiliario.com\/fr\/wp-json\/wp\/v2\/types\/product"}],"wp:featuredmedia":[{"embeddable":true,"href":"https:\/\/reyma-mobiliario.com\/fr\/wp-json\/wp\/v2\/media\/33917"}],"wp:attachment":[{"href":"https:\/\/reyma-mobiliario.com\/fr\/wp-json\/wp\/v2\/media?parent=14982"}],"wp:term":[{"taxonomy":"product_brand","embeddable":true,"href":"https:\/\/reyma-mobiliario.com\/fr\/wp-json\/wp\/v2\/product_brand?post=14982"},{"taxonomy":"product_cat","embeddable":true,"href":"https:\/\/reyma-mobiliario.com\/fr\/wp-json\/wp\/v2\/product_cat?post=14982"},{"taxonomy":"product_tag","embeddable":true,"href":"https:\/\/reyma-mobiliario.com\/fr\/wp-json\/wp\/v2\/product_tag?post=14982"}],"curies":[{"name":"wp","href":"https:\/\/api.w.org\/{rel}","templated":true}]}}