{"id":14997,"date":"2020-03-02T10:00:13","date_gmt":"2020-04-24T07:57:40","guid":{"rendered":"https:\/\/gifted-nightingale.82-223-11-116.plesk.page\/?post_type=product&#038;p=14997"},"modified":"2023-11-20T18:07:14","modified_gmt":"2023-11-20T17:07:14","slug":"chaise-de-bar-pensilvania","status":"publish","type":"product","link":"https:\/\/reyma-mobiliario.com\/fr\/productos\/chaise-de-bar-pensilvania\/","title":{"rendered":"Chaise de bar Pensilvania"},"content":{"rendered":"<p>Chasie de bar en acier disponible en diff\u00e9rentes couleurs et pouvant \u00eatre combin\u00e9 avec diff\u00e9rents types de si\u00e8ges, ce qui lui conf\u00e8re une tr\u00e8s grande adaptabilit\u00e9. Il est id\u00e9al pour une utilisation en int\u00e9rieur.<\/p>\n","protected":false},"excerpt":{"rendered":"<p><strong> Poids: <\/strong><br \/>\nAvec assise rembourr\u00e9e: 8,50 kg<br \/>\nAvec assise stratifi\u00e9e: 8,30 kg<br \/>\nAvec assise solide: 8,90 kg<\/p>\n<p><strong> Mat\u00e9riaux: <\/strong><br \/>\nCadre en acier peint en noir, graphite ou blanc vieilli.<br \/>\nAssise: bois massif, bois lamell\u00e9, stratifi\u00e9: kenya, \u00e9b\u00e8ne, noyer vintage ou ch\u00eane vintage; rembourrage: albero, blanc, cachemire, marron, noir, rouge, indiana ou panama.<\/p>\n<p><strong> Dimensions <\/strong>:<\/p>\n<p><img loading=\"lazy\" decoding=\"async\" class=\"alignnone size-full wp-image-11924\" src=\"https:\/\/reyma-mobiliario.com\/wp-content\/uploads\/2017\/10\/pensilvania-banqueta.jpg\" alt=\"Dimensions Stoolbar Pensilvania REYMA\" width=\"120\" height=\"120\" \/><\/p>\n","protected":false},"featured_media":15002,"template":"","meta":[],"product_brand":[],"product_cat":[1114,1116],"product_tag":[1169,1173,1302,1147],"class_list":{"0":"post-14997","1":"product","2":"type-product","3":"status-publish","4":"has-post-thumbnail","6":"product_cat-interieur","7":"product_cat-tabouret-dinterieur","8":"product_tag-mobilier-interieur","9":"product_tag-nouvelles-2019","10":"product_tag-serie-pensilvania-fr","11":"product_tag-tabourets","13":"first","14":"instock","15":"shipping-taxable","16":"purchasable","17":"product-type-variable"},"aioseo_notices":[],"_links":{"self":[{"href":"https:\/\/reyma-mobiliario.com\/fr\/wp-json\/wp\/v2\/product\/14997","targetHints":{"allow":["GET"]}}],"collection":[{"href":"https:\/\/reyma-mobiliario.com\/fr\/wp-json\/wp\/v2\/product"}],"about":[{"href":"https:\/\/reyma-mobiliario.com\/fr\/wp-json\/wp\/v2\/types\/product"}],"wp:featuredmedia":[{"embeddable":true,"href":"https:\/\/reyma-mobiliario.com\/fr\/wp-json\/wp\/v2\/media\/15002"}],"wp:attachment":[{"href":"https:\/\/reyma-mobiliario.com\/fr\/wp-json\/wp\/v2\/media?parent=14997"}],"wp:term":[{"taxonomy":"product_brand","embeddable":true,"href":"https:\/\/reyma-mobiliario.com\/fr\/wp-json\/wp\/v2\/product_brand?post=14997"},{"taxonomy":"product_cat","embeddable":true,"href":"https:\/\/reyma-mobiliario.com\/fr\/wp-json\/wp\/v2\/product_cat?post=14997"},{"taxonomy":"product_tag","embeddable":true,"href":"https:\/\/reyma-mobiliario.com\/fr\/wp-json\/wp\/v2\/product_tag?post=14997"}],"curies":[{"name":"wp","href":"https:\/\/api.w.org\/{rel}","templated":true}]}}