{"id":15057,"date":"2020-03-12T10:00:15","date_gmt":"2020-04-24T09:20:32","guid":{"rendered":"https:\/\/gifted-nightingale.82-223-11-116.plesk.page\/?post_type=product&#038;p=15057"},"modified":"2022-05-19T09:02:51","modified_gmt":"2022-05-19T07:02:51","slug":"chaise-denver","status":"publish","type":"product","link":"https:\/\/reyma-mobiliario.com\/fr\/productos\/chaise-denver\/","title":{"rendered":"Chaise Denver"},"content":{"rendered":"<p>Chaise avec coque en bois dans diff\u00e9rentes nuances. La chaise denver est un mod\u00e8le qui offre une grande fonctionnalit\u00e9 avec une touche \u00e9l\u00e9gante. Configurable avec deux types de pieds en acier robuste.<\/p>\n","protected":false},"excerpt":{"rendered":"<p><strong> Poids <\/strong>:<br \/>\nAvec support C4: 6,20 kg<br \/>\nAvec pied M4: 5,40 kg<\/p>\n<p><strong> Mat\u00e9riaux <\/strong>:<br \/>\nPied:<br \/>\nM4 peint en noir ou gris;<br \/>\nD\u00e9co en bois peint noir ou naturel C4.<\/p>\n<p>Bo\u00eetier: Kenya, \u00e9b\u00e8ne, noyer vintage ou ch\u00eane vintage.<\/p>\n<p><strong>Assemblage\u00a0:<\/strong><br \/>\nA assembler, sauf le pied M-4.<br \/>\nCarter + Pied<\/p>\n<p><strong> Dimensions <\/strong>:<br \/>\n<img loading=\"lazy\" decoding=\"async\" class=\"alignnone size-full wp-image-11924\" src=\"https:\/\/reyma-mobiliario.com\/wp-content\/uploads\/2017\/10\/denver-c4-silla.jpg\" alt=\"Dimensions chaise Denver C-4 REYMA\" width=\"120\" height=\"120\" \/><img loading=\"lazy\" decoding=\"async\" class=\"alignnone size-full wp-image-11924\" src=\"https:\/\/reyma-mobiliario.com\/wp-content\/uploads\/2017\/10\/denver-m4-silla.jpg\" alt=\"Dimensions chaise Denver M-4 REYMA\" width=\"120\" height=\"120\" \/><\/p>\n","protected":false},"featured_media":15058,"template":"","meta":[],"product_brand":[],"product_cat":[1121,1114],"product_tag":[1347,1169,1171,1231],"class_list":{"0":"post-15057","1":"product","2":"type-product","3":"status-publish","4":"has-post-thumbnail","6":"product_cat-chaises-dinterieur","7":"product_cat-interieur","8":"product_tag-chaises","9":"product_tag-mobilier-interieur","10":"product_tag-nouvelles-2018","11":"product_tag-serie-denver-fr","13":"first","14":"instock","15":"shipping-taxable","16":"purchasable","17":"product-type-variable"},"aioseo_notices":[],"_links":{"self":[{"href":"https:\/\/reyma-mobiliario.com\/fr\/wp-json\/wp\/v2\/product\/15057","targetHints":{"allow":["GET"]}}],"collection":[{"href":"https:\/\/reyma-mobiliario.com\/fr\/wp-json\/wp\/v2\/product"}],"about":[{"href":"https:\/\/reyma-mobiliario.com\/fr\/wp-json\/wp\/v2\/types\/product"}],"wp:featuredmedia":[{"embeddable":true,"href":"https:\/\/reyma-mobiliario.com\/fr\/wp-json\/wp\/v2\/media\/15058"}],"wp:attachment":[{"href":"https:\/\/reyma-mobiliario.com\/fr\/wp-json\/wp\/v2\/media?parent=15057"}],"wp:term":[{"taxonomy":"product_brand","embeddable":true,"href":"https:\/\/reyma-mobiliario.com\/fr\/wp-json\/wp\/v2\/product_brand?post=15057"},{"taxonomy":"product_cat","embeddable":true,"href":"https:\/\/reyma-mobiliario.com\/fr\/wp-json\/wp\/v2\/product_cat?post=15057"},{"taxonomy":"product_tag","embeddable":true,"href":"https:\/\/reyma-mobiliario.com\/fr\/wp-json\/wp\/v2\/product_tag?post=15057"}],"curies":[{"name":"wp","href":"https:\/\/api.w.org\/{rel}","templated":true}]}}