{"id":15090,"date":"2020-03-11T10:00:03","date_gmt":"2020-04-24T09:38:20","guid":{"rendered":"https:\/\/gifted-nightingale.82-223-11-116.plesk.page\/?post_type=product&#038;p=15090"},"modified":"2025-07-09T12:04:03","modified_gmt":"2025-07-09T10:04:03","slug":"table-oslo-f-f","status":"publish","type":"product","link":"https:\/\/reyma-mobiliario.com\/fr\/productos\/table-oslo-f-f\/","title":{"rendered":"Table Oslo F.F. 4760"},"content":{"rendered":"<p>Table avec un pied en fonte tr\u00e8s r\u00e9sistant, sp\u00e9cialement pour les int\u00e9rieurs. Sa conception robuste permet tout type de planche avec des mesures larges.<\/p>\n","protected":false},"excerpt":{"rendered":"<p><strong> Hauteur: <\/strong> 75 cm<\/p>\n<p><strong> Mat\u00e9riaux <\/strong>:<br \/>\nPied en fonte.<\/p>\n<p>Planches finition Werzalit, compact et m\u00e9lamine.<\/p>\n<p><strong> Dimensions du tableau: <\/strong><br \/>\n60\u00d8, 70\u00d8. 80\u00d8, 90\u00d8, 105\u00d8, 60&#215;60, 70&#215;70, 80&#215;80, 90&#215;90<\/p>\n","protected":false},"featured_media":17162,"template":"","meta":[],"product_brand":[],"product_cat":[1114,1119],"product_tag":[1162,1169,1295,1166],"class_list":{"0":"post-15090","1":"product","2":"type-product","3":"status-publish","4":"has-post-thumbnail","6":"product_cat-interieur","7":"product_cat-tables-dinterieur","8":"product_tag-fonte","9":"product_tag-mobilier-interieur","10":"product_tag-serie-oslo-fr","11":"product_tag-tables-fr","13":"first","14":"instock","15":"shipping-taxable","16":"product-type-variable"},"aioseo_notices":[],"_links":{"self":[{"href":"https:\/\/reyma-mobiliario.com\/fr\/wp-json\/wp\/v2\/product\/15090","targetHints":{"allow":["GET"]}}],"collection":[{"href":"https:\/\/reyma-mobiliario.com\/fr\/wp-json\/wp\/v2\/product"}],"about":[{"href":"https:\/\/reyma-mobiliario.com\/fr\/wp-json\/wp\/v2\/types\/product"}],"wp:featuredmedia":[{"embeddable":true,"href":"https:\/\/reyma-mobiliario.com\/fr\/wp-json\/wp\/v2\/media\/17162"}],"wp:attachment":[{"href":"https:\/\/reyma-mobiliario.com\/fr\/wp-json\/wp\/v2\/media?parent=15090"}],"wp:term":[{"taxonomy":"product_brand","embeddable":true,"href":"https:\/\/reyma-mobiliario.com\/fr\/wp-json\/wp\/v2\/product_brand?post=15090"},{"taxonomy":"product_cat","embeddable":true,"href":"https:\/\/reyma-mobiliario.com\/fr\/wp-json\/wp\/v2\/product_cat?post=15090"},{"taxonomy":"product_tag","embeddable":true,"href":"https:\/\/reyma-mobiliario.com\/fr\/wp-json\/wp\/v2\/product_tag?post=15090"}],"curies":[{"name":"wp","href":"https:\/\/api.w.org\/{rel}","templated":true}]}}