{"id":15094,"date":"2020-03-01T10:00:02","date_gmt":"2020-04-24T09:57:16","guid":{"rendered":"https:\/\/gifted-nightingale.82-223-11-116.plesk.page\/?post_type=product&#038;p=15094"},"modified":"2023-11-20T18:01:44","modified_gmt":"2023-11-20T17:01:44","slug":"chaise-de-bar-bohemia","status":"publish","type":"product","link":"https:\/\/reyma-mobiliario.com\/fr\/productos\/chaise-de-bar-bohemia\/","title":{"rendered":"Chaise de bar Bohemia"},"content":{"rendered":"<p>Chaise de bar haut avec structure en acier robuste peint en graphite. Son si\u00e8ge et son dossier sont rembourr\u00e9s de diff\u00e9rentes couleurs au choix pour r\u00e9pondre aux besoins du client.<\/p>\n","protected":false},"excerpt":{"rendered":"<p><strong> Poids <\/strong>: 10,40 kg<\/p>\n<p><strong> Mat\u00e9riaux <\/strong>:<br \/>\nStructure en acier.<br \/>\nP.U rembourr\u00e9: cachemire, rouge et noir.<\/p>\n<p><strong> Dimensions <\/strong>:<br \/>\n<img loading=\"lazy\" decoding=\"async\" class=\"alignnone size-full wp-image-11924\" src=\"https:\/\/reyma-mobiliario.com\/wp-content\/uploads\/2019\/11\/bohemia-banqueta-1.jpg\" alt=\"Dimensions Tabouret Bohemia REYMA\" width=\"120\" height=\"120\" \/><\/p>\n","protected":false},"featured_media":15097,"template":"","meta":[],"product_brand":[],"product_cat":[1114,1116],"product_tag":[1169,1205,1147],"class_list":{"0":"post-15094","1":"product","2":"type-product","3":"status-publish","4":"has-post-thumbnail","6":"product_cat-interieur","7":"product_cat-tabouret-dinterieur","8":"product_tag-mobilier-interieur","9":"product_tag-serie-bohemia-fr","10":"product_tag-tabourets","12":"first","13":"instock","14":"shipping-taxable","15":"purchasable","16":"product-type-variable"},"aioseo_notices":[],"_links":{"self":[{"href":"https:\/\/reyma-mobiliario.com\/fr\/wp-json\/wp\/v2\/product\/15094","targetHints":{"allow":["GET"]}}],"collection":[{"href":"https:\/\/reyma-mobiliario.com\/fr\/wp-json\/wp\/v2\/product"}],"about":[{"href":"https:\/\/reyma-mobiliario.com\/fr\/wp-json\/wp\/v2\/types\/product"}],"wp:featuredmedia":[{"embeddable":true,"href":"https:\/\/reyma-mobiliario.com\/fr\/wp-json\/wp\/v2\/media\/15097"}],"wp:attachment":[{"href":"https:\/\/reyma-mobiliario.com\/fr\/wp-json\/wp\/v2\/media?parent=15094"}],"wp:term":[{"taxonomy":"product_brand","embeddable":true,"href":"https:\/\/reyma-mobiliario.com\/fr\/wp-json\/wp\/v2\/product_brand?post=15094"},{"taxonomy":"product_cat","embeddable":true,"href":"https:\/\/reyma-mobiliario.com\/fr\/wp-json\/wp\/v2\/product_cat?post=15094"},{"taxonomy":"product_tag","embeddable":true,"href":"https:\/\/reyma-mobiliario.com\/fr\/wp-json\/wp\/v2\/product_tag?post=15094"}],"curies":[{"name":"wp","href":"https:\/\/api.w.org\/{rel}","templated":true}]}}