{"id":15140,"date":"2020-01-14T10:00:33","date_gmt":"2020-04-27T07:14:47","guid":{"rendered":"https:\/\/gifted-nightingale.82-223-11-116.plesk.page\/?post_type=product&#038;p=15140"},"modified":"2021-04-13T16:48:02","modified_gmt":"2021-04-13T14:48:02","slug":"chaise-lorca","status":"publish","type":"product","link":"https:\/\/reyma-mobiliario.com\/fr\/productos\/chaise-lorca\/","title":{"rendered":"Chaise Lorca"},"content":{"rendered":"<p>Chaise vintage de design industriel moderne. Fabriqu\u00e9 en fer forg\u00e9, il a un si\u00e8ge de \u00d840 cm en bois de teck.<\/p>\n","protected":false},"excerpt":{"rendered":"<p><strong> Poids <\/strong>:<br \/>\nSi\u00e8ge en teck: 7,10 kg<\/p>\n<p><strong> Mat\u00e9riaux <\/strong>:<\/p>\n<p>Structure en fer forg\u00e9.<br \/>\nSi\u00e8ge 40\u00d8: Teka<\/p>\n<p><strong> Dimensions <\/strong>:<\/p>\n<p><img loading=\"lazy\" decoding=\"async\" class=\"alignnone size-full wp-image-11924\" src=\"https:\/\/reyma-mobiliario.com\/wp-content\/uploads\/2017\/10\/lorca-silla.jpg\" alt=\"Dimensions chaise Lorca REYMA\" width=\"120\" height=\"120\" \/><\/p>\n","protected":false},"featured_media":15141,"template":"","meta":[],"product_brand":[],"product_cat":[1121,1114],"product_tag":[1347,1163,1160,1169,1260],"class_list":{"0":"post-15140","1":"product","2":"type-product","3":"status-publish","4":"has-post-thumbnail","6":"product_cat-chaises-dinterieur","7":"product_cat-interieur","8":"product_tag-chaises","9":"product_tag-fer-forge","10":"product_tag-forge","11":"product_tag-mobilier-interieur","12":"product_tag-serie-lorca-fr","14":"first","15":"instock","16":"shipping-taxable","17":"product-type-simple"},"aioseo_notices":[],"_links":{"self":[{"href":"https:\/\/reyma-mobiliario.com\/fr\/wp-json\/wp\/v2\/product\/15140","targetHints":{"allow":["GET"]}}],"collection":[{"href":"https:\/\/reyma-mobiliario.com\/fr\/wp-json\/wp\/v2\/product"}],"about":[{"href":"https:\/\/reyma-mobiliario.com\/fr\/wp-json\/wp\/v2\/types\/product"}],"wp:featuredmedia":[{"embeddable":true,"href":"https:\/\/reyma-mobiliario.com\/fr\/wp-json\/wp\/v2\/media\/15141"}],"wp:attachment":[{"href":"https:\/\/reyma-mobiliario.com\/fr\/wp-json\/wp\/v2\/media?parent=15140"}],"wp:term":[{"taxonomy":"product_brand","embeddable":true,"href":"https:\/\/reyma-mobiliario.com\/fr\/wp-json\/wp\/v2\/product_brand?post=15140"},{"taxonomy":"product_cat","embeddable":true,"href":"https:\/\/reyma-mobiliario.com\/fr\/wp-json\/wp\/v2\/product_cat?post=15140"},{"taxonomy":"product_tag","embeddable":true,"href":"https:\/\/reyma-mobiliario.com\/fr\/wp-json\/wp\/v2\/product_tag?post=15140"}],"curies":[{"name":"wp","href":"https:\/\/api.w.org\/{rel}","templated":true}]}}