{"id":15147,"date":"2020-01-22T10:00:27","date_gmt":"2020-04-27T07:35:07","guid":{"rendered":"https:\/\/gifted-nightingale.82-223-11-116.plesk.page\/?post_type=product&#038;p=15147"},"modified":"2023-03-21T10:34:13","modified_gmt":"2023-03-21T09:34:13","slug":"chaise-ronda","status":"publish","type":"product","link":"https:\/\/reyma-mobiliario.com\/fr\/productos\/chaise-ronda\/","title":{"rendered":"Chaise Ronda"},"content":{"rendered":"<p>Chaise avec structure en fer forg\u00e9 avec assise ronde en bois de teck ou finie seule. Chaise vintage au design industriel moderne id\u00e9ale pour une utilisation en int\u00e9rieur.<\/p>\n","protected":false},"excerpt":{"rendered":"<p><strong> Poids <\/strong>:<br \/>\nSi\u00e8ge fini uniquement: 5,80 kg<br \/>\nSi\u00e8ge en teck: 5 kg<\/p>\n<p><strong> Mat\u00e9riaux <\/strong>: Structure en fer forg\u00e9.<br \/>\nSi\u00e8ge 40\u00d8:<br \/>\nEn teck<br \/>\nFinition uniquement: Amazon, Antarctique, Bleu, Bambou, Bronze, Bordeaux, Fr\u00eane, H\u00eatre, Laguna, Manaus, Marbre, Montana, Orange, Noir, Noyer, Pin Naturel, Vieux Pin, Racine Bleue, Rouge, Travertin, Vert Citron et Weng\u00e9. .<\/p>\n<p><strong> Dimensions <\/strong>:<br \/>\n<img loading=\"lazy\" decoding=\"async\" class=\"alignnone size-full wp-image-11924\" src=\"https:\/\/reyma-mobiliario.com\/wp-content\/uploads\/2017\/10\/ronda-silla.jpg\" alt=\"Dimensions chaise Ronda REYMA\" width=\"120\" height=\"120\" \/><\/p>\n","protected":false},"featured_media":15151,"template":"","meta":[],"product_brand":[],"product_cat":[1121,1114],"product_tag":[1347,1163,1160,1169,1314],"class_list":{"0":"post-15147","1":"product","2":"type-product","3":"status-publish","4":"has-post-thumbnail","6":"product_cat-chaises-dinterieur","7":"product_cat-interieur","8":"product_tag-chaises","9":"product_tag-fer-forge","10":"product_tag-forge","11":"product_tag-mobilier-interieur","12":"product_tag-serie-ronda-fr","14":"first","15":"instock","16":"shipping-taxable","17":"purchasable","18":"product-type-variable"},"aioseo_notices":[],"_links":{"self":[{"href":"https:\/\/reyma-mobiliario.com\/fr\/wp-json\/wp\/v2\/product\/15147","targetHints":{"allow":["GET"]}}],"collection":[{"href":"https:\/\/reyma-mobiliario.com\/fr\/wp-json\/wp\/v2\/product"}],"about":[{"href":"https:\/\/reyma-mobiliario.com\/fr\/wp-json\/wp\/v2\/types\/product"}],"wp:featuredmedia":[{"embeddable":true,"href":"https:\/\/reyma-mobiliario.com\/fr\/wp-json\/wp\/v2\/media\/15151"}],"wp:attachment":[{"href":"https:\/\/reyma-mobiliario.com\/fr\/wp-json\/wp\/v2\/media?parent=15147"}],"wp:term":[{"taxonomy":"product_brand","embeddable":true,"href":"https:\/\/reyma-mobiliario.com\/fr\/wp-json\/wp\/v2\/product_brand?post=15147"},{"taxonomy":"product_cat","embeddable":true,"href":"https:\/\/reyma-mobiliario.com\/fr\/wp-json\/wp\/v2\/product_cat?post=15147"},{"taxonomy":"product_tag","embeddable":true,"href":"https:\/\/reyma-mobiliario.com\/fr\/wp-json\/wp\/v2\/product_tag?post=15147"}],"curies":[{"name":"wp","href":"https:\/\/api.w.org\/{rel}","templated":true}]}}