{"id":15169,"date":"2018-01-20T10:00:22","date_gmt":"2020-04-27T08:30:01","guid":{"rendered":"https:\/\/gifted-nightingale.82-223-11-116.plesk.page\/?post_type=product&#038;p=15169"},"modified":"2023-11-10T08:57:33","modified_gmt":"2023-11-10T07:57:33","slug":"fauteuil-aranjuez","status":"publish","type":"product","link":"https:\/\/reyma-mobiliario.com\/fr\/productos\/fauteuil-aranjuez\/","title":{"rendered":"Fauteuil Aranjuez"},"content":{"rendered":"<p>Fauteuil design vintage industriel moderne avec treillis sur le dossier. Id\u00e9al pour un usage int\u00e9rieur, il est en fer forg\u00e9.<\/p>\n","protected":false},"excerpt":{"rendered":"<p><strong> Poids <\/strong>: 8,35 kg<\/p>\n<p><strong> Mat\u00e9riaux <\/strong>: Structure en fer forg\u00e9.<br \/>\nSi\u00e8ge 40\u00d8:<br \/>\nGrille<br \/>\nFinition uniquement: Amazon, Bleu, Bordeaux, Laguna, Manaus, Orange, Racine Bleue, Rouge, Vert Citron et Weng\u00e9. .<\/p>\n<p><strong> Dimensions <\/strong>:<\/p>\n<p><img loading=\"lazy\" decoding=\"async\" class=\"alignnone size-full wp-image-11924\" src=\"https:\/\/reyma-mobiliario.com\/wp-content\/uploads\/2017\/10\/aranjuez-sillon.jpg\" alt=\"Dimensions fauteuil Aranjuez REYMA\" width=\"120\" height=\"120\" \/><\/p>\n","protected":false},"featured_media":15173,"template":"","meta":[],"product_brand":[],"product_cat":[1124,1114],"product_tag":[1362,1163,1160,1169,1190],"class_list":{"0":"post-15169","1":"product","2":"type-product","3":"status-publish","4":"has-post-thumbnail","6":"product_cat-fauteuils-dinterieur-fr","7":"product_cat-interieur","8":"product_tag-fauteuil","9":"product_tag-fer-forge","10":"product_tag-forge","11":"product_tag-mobilier-interieur","12":"product_tag-serie-aranjuez-fr","14":"first","15":"instock","16":"shipping-taxable","17":"purchasable","18":"product-type-variable"},"aioseo_notices":[],"_links":{"self":[{"href":"https:\/\/reyma-mobiliario.com\/fr\/wp-json\/wp\/v2\/product\/15169","targetHints":{"allow":["GET"]}}],"collection":[{"href":"https:\/\/reyma-mobiliario.com\/fr\/wp-json\/wp\/v2\/product"}],"about":[{"href":"https:\/\/reyma-mobiliario.com\/fr\/wp-json\/wp\/v2\/types\/product"}],"wp:featuredmedia":[{"embeddable":true,"href":"https:\/\/reyma-mobiliario.com\/fr\/wp-json\/wp\/v2\/media\/15173"}],"wp:attachment":[{"href":"https:\/\/reyma-mobiliario.com\/fr\/wp-json\/wp\/v2\/media?parent=15169"}],"wp:term":[{"taxonomy":"product_brand","embeddable":true,"href":"https:\/\/reyma-mobiliario.com\/fr\/wp-json\/wp\/v2\/product_brand?post=15169"},{"taxonomy":"product_cat","embeddable":true,"href":"https:\/\/reyma-mobiliario.com\/fr\/wp-json\/wp\/v2\/product_cat?post=15169"},{"taxonomy":"product_tag","embeddable":true,"href":"https:\/\/reyma-mobiliario.com\/fr\/wp-json\/wp\/v2\/product_tag?post=15169"}],"curies":[{"name":"wp","href":"https:\/\/api.w.org\/{rel}","templated":true}]}}