{"id":15181,"date":"2020-01-19T10:00:56","date_gmt":"2020-04-27T09:59:55","guid":{"rendered":"https:\/\/gifted-nightingale.82-223-11-116.plesk.page\/?post_type=product&#038;p=15181"},"modified":"2024-10-21T11:42:16","modified_gmt":"2024-10-21T09:42:16","slug":"chair-aranjuez","status":"publish","type":"product","link":"https:\/\/reyma-mobiliario.com\/fr\/productos\/chair-aranjuez\/","title":{"rendered":"Chair Aranjuez"},"content":{"rendered":"<p>Chaise en fer forg\u00e9 pour usage int\u00e9rieur. La conception moderne de style industriel vintage permet la personnalisation du si\u00e8ge avec une finition simple, en maille, en teck.<\/p>\n","protected":false},"excerpt":{"rendered":"<p><strong> Poids <\/strong>:<br \/>\nSi\u00e8ge fini uniquement: 8,20 kg<br \/>\nSi\u00e8ge de grille: 7,50 kg<br \/>\nSi\u00e8ge en teck: 7,40 kg<\/p>\n<p><strong> Mat\u00e9riaux <\/strong>: Structure en fer forg\u00e9.<br \/>\nSi\u00e8ge 40\u00d8:<br \/>\nGrille<br \/>\nEn teck<br \/>\nFinition uniquement: Amazon, Bleu, Bordeaux, Laguna, Manaus, Orange, Racine Bleue, Rouge, Vert Citron et Weng\u00e9. .<\/p>\n<p><strong> Dimensions <\/strong>:<br \/>\n<img loading=\"lazy\" decoding=\"async\" class=\"alignnone size-full wp-image-11924\" src=\"https:\/\/reyma-mobiliario.com\/wp-content\/uploads\/2017\/10\/aranjuez-silla.jpg\" alt=\"Dimensions chaise Aranjuez REYMA\" width=\"120\" height=\"120\" \/><\/p>\n","protected":false},"featured_media":30000,"template":"","meta":[],"product_brand":[],"product_cat":[1121,1114],"product_tag":[1347,1163,1160,1169,1190],"class_list":{"0":"post-15181","1":"product","2":"type-product","3":"status-publish","4":"has-post-thumbnail","6":"product_cat-chaises-dinterieur","7":"product_cat-interieur","8":"product_tag-chaises","9":"product_tag-fer-forge","10":"product_tag-forge","11":"product_tag-mobilier-interieur","12":"product_tag-serie-aranjuez-fr","14":"first","15":"instock","16":"shipping-taxable","17":"purchasable","18":"product-type-variable"},"aioseo_notices":[],"_links":{"self":[{"href":"https:\/\/reyma-mobiliario.com\/fr\/wp-json\/wp\/v2\/product\/15181","targetHints":{"allow":["GET"]}}],"collection":[{"href":"https:\/\/reyma-mobiliario.com\/fr\/wp-json\/wp\/v2\/product"}],"about":[{"href":"https:\/\/reyma-mobiliario.com\/fr\/wp-json\/wp\/v2\/types\/product"}],"wp:featuredmedia":[{"embeddable":true,"href":"https:\/\/reyma-mobiliario.com\/fr\/wp-json\/wp\/v2\/media\/30000"}],"wp:attachment":[{"href":"https:\/\/reyma-mobiliario.com\/fr\/wp-json\/wp\/v2\/media?parent=15181"}],"wp:term":[{"taxonomy":"product_brand","embeddable":true,"href":"https:\/\/reyma-mobiliario.com\/fr\/wp-json\/wp\/v2\/product_brand?post=15181"},{"taxonomy":"product_cat","embeddable":true,"href":"https:\/\/reyma-mobiliario.com\/fr\/wp-json\/wp\/v2\/product_cat?post=15181"},{"taxonomy":"product_tag","embeddable":true,"href":"https:\/\/reyma-mobiliario.com\/fr\/wp-json\/wp\/v2\/product_tag?post=15181"}],"curies":[{"name":"wp","href":"https:\/\/api.w.org\/{rel}","templated":true}]}}