{"id":15194,"date":"2020-01-16T10:00:12","date_gmt":"2020-04-27T10:28:41","guid":{"rendered":"https:\/\/gifted-nightingale.82-223-11-116.plesk.page\/?post_type=product&#038;p=15194"},"modified":"2021-04-13T16:45:54","modified_gmt":"2021-04-13T14:45:54","slug":"chaise-candil","status":"publish","type":"product","link":"https:\/\/reyma-mobiliario.com\/fr\/productos\/chaise-candil\/","title":{"rendered":"Chaise Candil"},"content":{"rendered":"<p>Chaise vintage dans un style industriel moderne en fer forg\u00e9. Son assise ronde \u00d840 cm en bois de teck. Il est con\u00e7u pour les environnements int\u00e9rieurs avec une grande personnalit\u00e9.<\/p>\n","protected":false},"excerpt":{"rendered":"<p><strong> Poids <\/strong>: 7,25 kg<\/p>\n<p><strong> Mat\u00e9riaux <\/strong>: Structure en fer forg\u00e9.<br \/>\nSi\u00e8ge 40\u00d8: Teka<\/p>\n<p><strong> Dimensions <\/strong>:<\/p>\n<p><img loading=\"lazy\" decoding=\"async\" class=\"alignnone size-full wp-image-11924\" src=\"https:\/\/reyma-mobiliario.com\/wp-content\/uploads\/2017\/10\/candil-silla.jpg\" alt=\"Dimensions chaise Candil REYMA\" width=\"120\" height=\"120\" \/><\/p>\n","protected":false},"featured_media":15196,"template":"","meta":[],"product_brand":[],"product_cat":[1121,1114],"product_tag":[1347,1163,1160,1169,1218],"class_list":{"0":"post-15194","1":"product","2":"type-product","3":"status-publish","4":"has-post-thumbnail","6":"product_cat-chaises-dinterieur","7":"product_cat-interieur","8":"product_tag-chaises","9":"product_tag-fer-forge","10":"product_tag-forge","11":"product_tag-mobilier-interieur","12":"product_tag-serie-candil-fr","14":"first","15":"instock","16":"shipping-taxable","17":"product-type-variable"},"aioseo_notices":[],"_links":{"self":[{"href":"https:\/\/reyma-mobiliario.com\/fr\/wp-json\/wp\/v2\/product\/15194","targetHints":{"allow":["GET"]}}],"collection":[{"href":"https:\/\/reyma-mobiliario.com\/fr\/wp-json\/wp\/v2\/product"}],"about":[{"href":"https:\/\/reyma-mobiliario.com\/fr\/wp-json\/wp\/v2\/types\/product"}],"wp:featuredmedia":[{"embeddable":true,"href":"https:\/\/reyma-mobiliario.com\/fr\/wp-json\/wp\/v2\/media\/15196"}],"wp:attachment":[{"href":"https:\/\/reyma-mobiliario.com\/fr\/wp-json\/wp\/v2\/media?parent=15194"}],"wp:term":[{"taxonomy":"product_brand","embeddable":true,"href":"https:\/\/reyma-mobiliario.com\/fr\/wp-json\/wp\/v2\/product_brand?post=15194"},{"taxonomy":"product_cat","embeddable":true,"href":"https:\/\/reyma-mobiliario.com\/fr\/wp-json\/wp\/v2\/product_cat?post=15194"},{"taxonomy":"product_tag","embeddable":true,"href":"https:\/\/reyma-mobiliario.com\/fr\/wp-json\/wp\/v2\/product_tag?post=15194"}],"curies":[{"name":"wp","href":"https:\/\/api.w.org\/{rel}","templated":true}]}}